{"id":81,"date":"2023-07-21T11:22:39","date_gmt":"2023-07-21T09:22:39","guid":{"rendered":"http:\/\/www.wilpo.pl\/?page_id=81"},"modified":"2024-01-24T09:26:15","modified_gmt":"2024-01-24T08:26:15","slug":"zarzad","status":"publish","type":"page","link":"https:\/\/www.wilpo.pl\/en\/management\/","title":{"rendered":"Management"},"content":{"rendered":"<p>[et_pb_section fb_built=&#8221;1&#8243; _builder_version=&#8221;4.21.0&#8243; _module_preset=&#8221;default&#8221; use_background_color_gradient=&#8221;on&#8221; background_color_gradient_stops=&#8221;rgba(255,255,255,0.91) 0%|rgba(255,255,255,0.72) 100%&#8221; background_color_gradient_overlays_image=&#8221;on&#8221; background_image=&#8221;https:\/\/www.wilpo.pl\/wp-content\/uploads\/2023\/07\/Projekt-bez-nazwy-22.jpg&#8221; global_colors_info=&#8221;{}&#8221;][et_pb_row _builder_version=&#8221;4.21.0&#8243; _module_preset=&#8221;default&#8221; custom_padding=&#8221;||61px|||&#8221; global_colors_info=&#8221;{}&#8221;][et_pb_column type=&#8221;4_4&#8243; _builder_version=&#8221;4.21.0&#8243; _module_preset=&#8221;default&#8221; global_colors_info=&#8221;{}&#8221;][et_pb_text _builder_version=&#8221;4.21.0&#8243; _module_preset=&#8221;default&#8221; text_font=&#8221;|600||on|||||&#8221; text_text_color=&#8221;#6ab139&#8243; text_font_size=&#8221;27px&#8221; text_orientation=&#8221;center&#8221; locked=&#8221;off&#8221; global_colors_info=&#8221;{}&#8221;]<\/p>\n<p>Management<\/p>\n<p>[\/et_pb_text][et_pb_text _builder_version=&#8221;4.21.0&#8243; _module_preset=&#8221;default&#8221; text_text_color=&#8221;#000000&#8243; locked=&#8221;off&#8221; global_colors_info=&#8221;{}&#8221;]<\/p>\n<p><span>The Management Board of PWP WILPO performs not only administrative and managerial functions in the company, but also a team of people with extensive professional experience and significant substantive knowledge, actively participating in ongoing research, production and service activities.<\/span><\/p>\n<p>[\/et_pb_text][\/et_pb_column][\/et_pb_row][et_pb_row column_structure=&#8221;1_2,1_2&#8243; _builder_version=&#8221;4.21.0&#8243; _module_preset=&#8221;default&#8221; global_colors_info=&#8221;{}&#8221;][et_pb_column type=&#8221;1_2&#8243; _builder_version=&#8221;4.21.0&#8243; _module_preset=&#8221;default&#8221; global_colors_info=&#8221;{}&#8221;][et_pb_image src=&#8221;https:\/\/www.wilpo.pl\/wp-content\/uploads\/2023\/07\/Romek-225&#215;300-1.jpg&#8221; title_text=&#8221;Romek-225&#215;300&#8243; align=&#8221;center&#8221; _builder_version=&#8221;4.21.0&#8243; _module_preset=&#8221;default&#8221; border_radii=&#8221;on|15px|15px|15px|15px&#8221; border_width_all=&#8221;3px&#8221; border_color_all=&#8221;#6ab139&#8243; global_colors_info=&#8221;{}&#8221;][\/et_pb_image][et_pb_text _builder_version=&#8221;4.21.0&#8243; _module_preset=&#8221;default&#8221; text_text_color=&#8221;#000000&#8243; text_font_size=&#8221;16px&#8221; header_2_font=&#8221;|600|||||||&#8221; header_2_text_color=&#8221;#3a912b&#8221; background_color=&#8221;RGBA(255,255,255,0)&#8221; text_orientation=&#8221;center&#8221; global_colors_info=&#8221;{}&#8221;]<\/p>\n<h2>President of the Board<\/h2>\n<p>Roman Prygiel<\/p>\n<p>[\/et_pb_text][\/et_pb_column][et_pb_column type=&#8221;1_2&#8243; _builder_version=&#8221;4.21.0&#8243; _module_preset=&#8221;default&#8221; global_colors_info=&#8221;{}&#8221;][et_pb_image src=&#8221;https:\/\/www.wilpo.pl\/wp-content\/uploads\/2023\/07\/Marcin-224&#215;300-1.jpg&#8221; title_text=&#8221;Marcin-224&#215;300&#8243; align=&#8221;center&#8221; _builder_version=&#8221;4.21.0&#8243; _module_preset=&#8221;default&#8221; border_radii=&#8221;on|15px|15px|15px|15px&#8221; border_width_all=&#8221;3px&#8221; border_color_all=&#8221;#6ab139&#8243; global_colors_info=&#8221;{}&#8221;][\/et_pb_image][et_pb_text _builder_version=&#8221;4.21.0&#8243; _module_preset=&#8221;default&#8221; text_text_color=&#8221;#000000&#8243; text_font_size=&#8221;16px&#8221; header_2_font=&#8221;|600|||||||&#8221; header_2_text_color=&#8221;#3a912b&#8221; background_color=&#8221;RGBA(255,255,255,0)&#8221; text_orientation=&#8221;center&#8221; global_colors_info=&#8221;{}&#8221;]<\/p>\n<h2>Vice President of the Board<\/h2>\n<p>Marcin Papierkowski[\/et_pb_text][\/et_pb_column][\/et_pb_row][et_pb_row column_structure=&#8221;1_2,1_2&#8243; _builder_version=&#8221;4.21.0&#8243; _module_preset=&#8221;default&#8221; global_colors_info=&#8221;{}&#8221;][et_pb_column type=&#8221;1_2&#8243; _builder_version=&#8221;4.21.0&#8243; _module_preset=&#8221;default&#8221; global_colors_info=&#8221;{}&#8221;][et_pb_image src=&#8221;https:\/\/www.wilpo.pl\/wp-content\/uploads\/2023\/07\/Magda-225&#215;300-1.jpg&#8221; title_text=&#8221;Magda-225&#215;300&#8243; align=&#8221;center&#8221; _builder_version=&#8221;4.21.0&#8243; _module_preset=&#8221;default&#8221; border_radii=&#8221;on|15px|15px|15px|15px&#8221; border_width_all=&#8221;3px&#8221; border_color_all=&#8221;#6ab139&#8243; global_colors_info=&#8221;{}&#8221;][\/et_pb_image][et_pb_text _builder_version=&#8221;4.24.0&#8243; _module_preset=&#8221;default&#8221; text_text_color=&#8221;#000000&#8243; text_font_size=&#8221;16px&#8221; header_2_font=&#8221;|600|||||||&#8221; header_2_text_color=&#8221;#3a912b&#8221; background_color=&#8221;RGBA(255,255,255,0)&#8221; text_orientation=&#8221;center&#8221; hover_enabled=&#8221;0&#8243; global_colors_info=&#8221;{}&#8221; sticky_enabled=&#8221;0&#8243;]<\/p>\n<h2>Member of the Board\nfor Production<\/h2>\n<p>Magdalena Zieli\u0144ska<\/p>\n<p>[\/et_pb_text][\/et_pb_column][et_pb_column type=&#8221;1_2&#8243; _builder_version=&#8221;4.21.0&#8243; _module_preset=&#8221;default&#8221; global_colors_info=&#8221;{}&#8221;][et_pb_image src=&#8221;https:\/\/www.wilpo.pl\/wp-content\/uploads\/2023\/07\/Darek-225&#215;300-1.jpg&#8221; title_text=&#8221;Darek-225&#215;300&#8243; align=&#8221;center&#8221; _builder_version=&#8221;4.21.0&#8243; _module_preset=&#8221;default&#8221; border_radii=&#8221;on|15px|15px|15px|15px&#8221; border_width_all=&#8221;3px&#8221; border_color_all=&#8221;#6ab139&#8243; global_colors_info=&#8221;{}&#8221;][\/et_pb_image][et_pb_text _builder_version=&#8221;4.21.0&#8243; _module_preset=&#8221;default&#8221; text_text_color=&#8221;#000000&#8243; text_font_size=&#8221;16px&#8221; header_2_font=&#8221;|600|||||||&#8221; header_2_text_color=&#8221;#3a912b&#8221; background_color=&#8221;RGBA(255,255,255,0)&#8221; text_orientation=&#8221;center&#8221; global_colors_info=&#8221;{}&#8221;]<\/p>\n<h2>Member of the Board for Service <\/h2>\n<p>Dariusz Kaczmarek[\/et_pb_text][\/et_pb_column][\/et_pb_row][et_pb_row _builder_version=&#8221;4.21.0&#8243; _module_preset=&#8221;default&#8221; global_colors_info=&#8221;{}&#8221;][et_pb_column type=&#8221;4_4&#8243; _builder_version=&#8221;4.21.0&#8243; _module_preset=&#8221;default&#8221; global_colors_info=&#8221;{}&#8221;][et_pb_image src=&#8221;https:\/\/www.wilpo.pl\/wp-content\/uploads\/2023\/07\/Nowy_zarzad.jpg&#8221; title_text=&#8221;Nowy_zarz\u0105d&#8221; align=&#8221;center&#8221; _builder_version=&#8221;4.21.0&#8243; _module_preset=&#8221;default&#8221; border_radii=&#8221;on|15px|15px|15px|15px&#8221; border_width_all=&#8221;3px&#8221; border_color_all=&#8221;#6ab139&#8243; global_colors_info=&#8221;{}&#8221;][\/et_pb_image][\/et_pb_column][\/et_pb_row][\/et_pb_section]<\/p>","protected":false},"excerpt":{"rendered":"<p>Zarz\u0105dZarz\u0105d PWP WILPO pe\u0142ni w firmie nie tylko funkcje administracyjne i kierownicze, ale to jednoczesnie zesp\u00f3\u0142 ludzi o du\u017cym do\u015bwiadczeniu zawodowym i znacznej wiedzy merytorycznej, aktywnie uczestniczacych w bie\u017c\u0105cej dzia\u0142alno\u015bci badawczej, produkcyjnej i serwisowej.Prezes Zarz\u0105du Roman PrygielWiceprezes Zarz\u0105du Marcin PapierkowskiCz\u0142onek Zarz\u0105du ds. Produkcji Magdalena Zieli\u0144skaCz\u0142onek Zarz\u0105du ds. Serwisu Dariusz Kaczmarek<\/p>","protected":false},"author":1,"featured_media":0,"parent":0,"menu_order":0,"comment_status":"closed","ping_status":"closed","template":"","meta":{"_et_pb_use_builder":"on","_et_pb_old_content":"","_et_gb_content_width":"","footnotes":""},"_links":{"self":[{"href":"https:\/\/www.wilpo.pl\/en\/wp-json\/wp\/v2\/pages\/81"}],"collection":[{"href":"https:\/\/www.wilpo.pl\/en\/wp-json\/wp\/v2\/pages"}],"about":[{"href":"https:\/\/www.wilpo.pl\/en\/wp-json\/wp\/v2\/types\/page"}],"author":[{"embeddable":true,"href":"https:\/\/www.wilpo.pl\/en\/wp-json\/wp\/v2\/users\/1"}],"replies":[{"embeddable":true,"href":"https:\/\/www.wilpo.pl\/en\/wp-json\/wp\/v2\/comments?post=81"}],"version-history":[{"count":8,"href":"https:\/\/www.wilpo.pl\/en\/wp-json\/wp\/v2\/pages\/81\/revisions"}],"predecessor-version":[{"id":590,"href":"https:\/\/www.wilpo.pl\/en\/wp-json\/wp\/v2\/pages\/81\/revisions\/590"}],"wp:attachment":[{"href":"https:\/\/www.wilpo.pl\/en\/wp-json\/wp\/v2\/media?parent=81"}],"curies":[{"name":"wp","href":"https:\/\/api.w.org\/{rel}","templated":true}]}}