{"id":69,"date":"2023-07-21T11:16:54","date_gmt":"2023-07-21T09:16:54","guid":{"rendered":"http:\/\/www.wilpo.pl\/?page_id=69"},"modified":"2023-10-20T14:35:43","modified_gmt":"2023-10-20T12:35:43","slug":"kadra","status":"publish","type":"page","link":"https:\/\/www.wilpo.pl\/en\/cadre\/","title":{"rendered":"Company Personnel"},"content":{"rendered":"<p>[et_pb_section fb_built=&#8221;1&#8243; _builder_version=&#8221;4.21.0&#8243; _module_preset=&#8221;default&#8221; use_background_color_gradient=&#8221;on&#8221; background_color_gradient_stops=&#8221;rgba(255,255,255,0.91) 0%|rgba(255,255,255,0.72) 100%&#8221; background_color_gradient_overlays_image=&#8221;on&#8221; background_image=&#8221;https:\/\/www.wilpo.pl\/wp-content\/uploads\/2023\/07\/Projekt-bez-nazwy-22.jpg&#8221; global_colors_info=&#8221;{}&#8221;][et_pb_row _builder_version=&#8221;4.21.0&#8243; _module_preset=&#8221;default&#8221; global_colors_info=&#8221;{}&#8221;][et_pb_column type=&#8221;4_4&#8243; _builder_version=&#8221;4.21.0&#8243; _module_preset=&#8221;default&#8221; global_colors_info=&#8221;{}&#8221;][et_pb_text _builder_version=&#8221;4.21.0&#8243; _module_preset=&#8221;default&#8221; text_font=&#8221;|600||on|||||&#8221; text_text_color=&#8221;#6ab139&#8243; text_font_size=&#8221;27px&#8221; text_orientation=&#8221;center&#8221; hover_enabled=&#8221;0&#8243; locked=&#8221;off&#8221; global_colors_info=&#8221;{}&#8221; sticky_enabled=&#8221;0&#8243;]<\/p>\n<p>PWP WILPO STAFF<\/p>\n<p>[\/et_pb_text][et_pb_text _builder_version=&#8221;4.21.0&#8243; _module_preset=&#8221;default&#8221; text_text_color=&#8221;#000000&#8243; global_colors_info=&#8221;{}&#8221;]<\/p>\n<p>WILPO employees are an experienced staff consisting of highly qualified engineering, research, administrative and technician workers. The staff has opportunities for development by participating in specialized conferences, training and trips to various types of trade fairs.<\/p>\n<p>[\/et_pb_text][et_pb_image src=&#8221;https:\/\/www.wilpo.pl\/wp-content\/uploads\/2023\/07\/wilpo-zespol-01.jpg&#8221; title_text=&#8221;wilpo-zespol-01&#8243; show_in_lightbox=&#8221;on&#8221; align=&#8221;center&#8221; _builder_version=&#8221;4.21.0&#8243; _module_preset=&#8221;default&#8221; global_colors_info=&#8221;{}&#8221;][\/et_pb_image][et_pb_text _builder_version=&#8221;4.21.0&#8243; _module_preset=&#8221;default&#8221; text_text_color=&#8221;#000000&#8243; global_colors_info=&#8221;{}&#8221;]Te formy pog\u0142\u0119biania wiedzy specjalistycznej i og\u00f3lnej w po\u0142\u0105czeniu z ciekaw\u0105, zr\u00f3\u017cnicowan\u0105 prac\u0105 (ka\u017cdy pracownik ma mo\u017cliwo\u015b\u0107 udzia\u0142u w pracach badawczych, w fazie produkcji oraz serwisowania urz\u0105dze\u0144, w tym w instalacjach urz\u0105dze\u0144 poza granicami kraju), procentuj\u0105 wysokim stopniem ustabilizowania kadry PWP \u201eWILPO\u201c, co, przy w\u0105skiej specjalizacji, jest zjawiskiem wysoce po\u017c\u0105danym.[\/et_pb_text][et_pb_gallery gallery_ids=&#8221;77,76,75,73,74&#8243; posts_number=&#8221;10&#8243; show_title_and_caption=&#8221;off&#8221; zoom_icon_color=&#8221;#7fda41&#8243; _builder_version=&#8221;4.21.0&#8243; _module_preset=&#8221;default&#8221; border_radii=&#8221;on|15px|15px|15px|15px&#8221; global_colors_info=&#8221;{}&#8221;][\/et_pb_gallery][\/et_pb_column][\/et_pb_row][\/et_pb_section]<\/p>","protected":false},"excerpt":{"rendered":"<p>KADRA PWP WILPOPracownicy WILPO to do\u015bwiadczona kadra\u00a0 sk\u0142adaj\u0105ca si\u0119 z wysoko wykwalifikowanych pracownik\u00f3w in\u017cynieryjno-badawczych, administracyjnych oraz technik\u00f3w. Kadra ma stworzone mo\u017cliwo\u015bci rozwoju poprzez udzia\u0142 w specjalistycznych konferencjach, szkoleniach oraz wyjazdach na r\u00f3\u017cnego rodzaju imprezy targowe.Te formy pog\u0142\u0119biania wiedzy specjalistycznej i og\u00f3lnej w po\u0142\u0105czeniu z ciekaw\u0105, zr\u00f3\u017cnicowan\u0105 prac\u0105 (ka\u017cdy pracownik ma mo\u017cliwo\u015b\u0107 udzia\u0142u w pracach badawczych, [&hellip;]<\/p>","protected":false},"author":1,"featured_media":0,"parent":0,"menu_order":0,"comment_status":"closed","ping_status":"closed","template":"","meta":{"_et_pb_use_builder":"on","_et_pb_old_content":"","_et_gb_content_width":"","footnotes":""},"_links":{"self":[{"href":"https:\/\/www.wilpo.pl\/en\/wp-json\/wp\/v2\/pages\/69"}],"collection":[{"href":"https:\/\/www.wilpo.pl\/en\/wp-json\/wp\/v2\/pages"}],"about":[{"href":"https:\/\/www.wilpo.pl\/en\/wp-json\/wp\/v2\/types\/page"}],"author":[{"embeddable":true,"href":"https:\/\/www.wilpo.pl\/en\/wp-json\/wp\/v2\/users\/1"}],"replies":[{"embeddable":true,"href":"https:\/\/www.wilpo.pl\/en\/wp-json\/wp\/v2\/comments?post=69"}],"version-history":[{"count":8,"href":"https:\/\/www.wilpo.pl\/en\/wp-json\/wp\/v2\/pages\/69\/revisions"}],"predecessor-version":[{"id":404,"href":"https:\/\/www.wilpo.pl\/en\/wp-json\/wp\/v2\/pages\/69\/revisions\/404"}],"wp:attachment":[{"href":"https:\/\/www.wilpo.pl\/en\/wp-json\/wp\/v2\/media?parent=69"}],"curies":[{"name":"wp","href":"https:\/\/api.w.org\/{rel}","templated":true}]}}