{"id":63,"date":"2023-07-21T11:00:28","date_gmt":"2023-07-21T09:00:28","guid":{"rendered":"http:\/\/www.wilpo.pl\/?page_id=63"},"modified":"2023-10-20T14:32:41","modified_gmt":"2023-10-20T12:32:41","slug":"historia-firmy","status":"publish","type":"page","link":"https:\/\/www.wilpo.pl\/en\/company-history\/","title":{"rendered":"The company's history"},"content":{"rendered":"<p>[et_pb_section fb_built=&#8221;1&#8243; _builder_version=&#8221;4.21.0&#8243; _module_preset=&#8221;default&#8221; use_background_color_gradient=&#8221;on&#8221; background_color_gradient_stops=&#8221;rgba(255,255,255,0.91) 0%|rgba(255,255,255,0.72) 100%&#8221; background_color_gradient_overlays_image=&#8221;on&#8221; background_image=&#8221;https:\/\/www.wilpo.pl\/wp-content\/uploads\/2023\/07\/Projekt-bez-nazwy-22.jpg&#8221; global_colors_info=&#8221;{}&#8221;][et_pb_row _builder_version=&#8221;4.21.0&#8243; _module_preset=&#8221;default&#8221; global_colors_info=&#8221;{}&#8221;][et_pb_column type=&#8221;4_4&#8243; _builder_version=&#8221;4.21.0&#8243; _module_preset=&#8221;default&#8221; global_colors_info=&#8221;{}&#8221;][et_pb_text _builder_version=&#8221;4.21.0&#8243; _module_preset=&#8221;default&#8221; text_font=&#8221;|600||on|||||&#8221; text_text_color=&#8221;#6ab139&#8243; text_font_size=&#8221;27px&#8221; text_orientation=&#8221;center&#8221; hover_enabled=&#8221;0&#8243; global_colors_info=&#8221;{}&#8221; locked=&#8221;off&#8221; sticky_enabled=&#8221;0&#8243;]<\/p>\n<p>History and present day of the company<\/p>\n<p>[\/et_pb_text][et_pb_text _builder_version=&#8221;4.21.0&#8243; _module_preset=&#8221;default&#8221; text_text_color=&#8221;#000000&#8243; global_colors_info=&#8221;{}&#8221;]<\/p>\n<p>Industrial Implementation Company WILPO Sp. z o. o. was established in 1988. The company was founded by 5 people - specialists in various fields: automation, physics and mechanics, with significant experience in the construction and application of industrial devices for measuring coal quality parameters.<\/p>\n<p>[\/et_pb_text][et_pb_image src=&#8221;https:\/\/www.wilpo.pl\/wp-content\/uploads\/2023\/07\/wilp-historia-min.png&#8221; title_text=&#8221;wilp-historia-min&#8221; align=&#8221;center&#8221; _builder_version=&#8221;4.21.0&#8243; _module_preset=&#8221;default&#8221; global_colors_info=&#8221;{}&#8221;][\/et_pb_image][et_pb_text _builder_version=&#8221;4.21.0&#8243; _module_preset=&#8221;default&#8221; text_text_color=&#8221;#000000&#8243; global_colors_info=&#8221;{}&#8221;]<\/p>\n<p>The partners, who were also the Management Board and the only employees of the company in the first period of its operation, led to the launch of the production of the first device - the WILPO L 131 laboratory coal analyzer, and then a number of devices for continuous measurements, gathering specialist engineering and research staff within the company over a period of several years. and a highly specialized technical team.<\/p>\n<p>Dzie\u0144 dzisiejszy to sprawnie funkcjonuj\u0105ca firma wraz z do\u015bwiadczon\u0105 kadr\u0105 dysponuj\u0105ca zapleczem w postaci pracowni izotopowej, stanowisk badawczych i produkcyjnych wyposa\u017conych w\u00a0 sprz\u0119t kontrolno-pomiarowy oraz dobrze zorganizowany serwis, to gama nowych urz\u0105dze\u0144, patenty i zg\u0142oszenia patentowe krajowe i zagraniczne, udzia\u0142 w wielu targach, konferencjach itp., to ci\u0105g\u0142e starania dla utrzymywania wizerunku firmy, wypracowanym przez te ponad \u0107wier\u0107 wieku jej istnienia.<\/p>\n<p>[\/et_pb_text][\/et_pb_column][\/et_pb_row][\/et_pb_section]<\/p>","protected":false},"excerpt":{"rendered":"<p>Historia i dzie\u0144 dzisiejszy firmyPrzedsi\u0119biorstwo Wdro\u017ce\u0144 Przemys\u0142owych WILPO Sp. z o.o. powsta\u0142o w roku 1988. Firm\u0119 za\u0142o\u017cy\u0142o 5 os\u00f3b \u2013 specjalist\u00f3w r\u00f3\u017cnych dziedzin: automatyki, fizyki i mechaniki, o znacznym do\u015bwiadczeniu w zakresie konstruowania oraz aplikacji przemys\u0142owych urz\u0105dze\u0144 do pomiar\u00f3w parametr\u00f3w jako\u015bci w\u0119gla.Wsp\u00f3lnicy, tworz\u0105cy jednocze\u015bnie Zarz\u0105d i jedyni pracownicy firmy w pierwszym okresie jej dzia\u0142ania &#8211; [&hellip;]<\/p>","protected":false},"author":1,"featured_media":0,"parent":0,"menu_order":0,"comment_status":"closed","ping_status":"closed","template":"","meta":{"_et_pb_use_builder":"on","_et_pb_old_content":"","_et_gb_content_width":"","footnotes":""},"_links":{"self":[{"href":"https:\/\/www.wilpo.pl\/en\/wp-json\/wp\/v2\/pages\/63"}],"collection":[{"href":"https:\/\/www.wilpo.pl\/en\/wp-json\/wp\/v2\/pages"}],"about":[{"href":"https:\/\/www.wilpo.pl\/en\/wp-json\/wp\/v2\/types\/page"}],"author":[{"embeddable":true,"href":"https:\/\/www.wilpo.pl\/en\/wp-json\/wp\/v2\/users\/1"}],"replies":[{"embeddable":true,"href":"https:\/\/www.wilpo.pl\/en\/wp-json\/wp\/v2\/comments?post=63"}],"version-history":[{"count":7,"href":"https:\/\/www.wilpo.pl\/en\/wp-json\/wp\/v2\/pages\/63\/revisions"}],"predecessor-version":[{"id":403,"href":"https:\/\/www.wilpo.pl\/en\/wp-json\/wp\/v2\/pages\/63\/revisions\/403"}],"wp:attachment":[{"href":"https:\/\/www.wilpo.pl\/en\/wp-json\/wp\/v2\/media?parent=63"}],"curies":[{"name":"wp","href":"https:\/\/api.w.org\/{rel}","templated":true}]}}