{"id":374,"date":"2024-01-16T10:33:44","date_gmt":"2024-01-16T09:33:44","guid":{"rendered":"http:\/\/www.wilpo.pl\/?page_id=374"},"modified":"2024-01-23T13:31:58","modified_gmt":"2024-01-23T12:31:58","slug":"kruszrki-eko-lab","status":"publish","type":"page","link":"https:\/\/www.wilpo.pl\/en\/wilpo-devices\/crushers-eco-lab\/","title":{"rendered":"Kruszrki ZNT &#8222;EKO-LAB&#8221;"},"content":{"rendered":"<p>[et_pb_section fb_built=&#8221;1&#8243; module_class=&#8221;sekcja-produkt&#8221; _builder_version=&#8221;4.21.0&#8243; _module_preset=&#8221;default&#8221; use_background_color_gradient=&#8221;on&#8221; background_color_gradient_stops=&#8221;rgba(255,255,255,0.91) 0%|rgba(255,255,255,0.72) 100%&#8221; background_color_gradient_overlays_image=&#8221;on&#8221; background_image=&#8221;https:\/\/www.wilpo.pl\/wp-content\/uploads\/2023\/07\/Projekt-bez-nazwy-22.jpg&#8221; global_colors_info=&#8221;{}&#8221;][et_pb_row _builder_version=&#8221;4.21.0&#8243; _module_preset=&#8221;default&#8221; global_colors_info=&#8221;{}&#8221;][et_pb_column type=&#8221;4_4&#8243; _builder_version=&#8221;4.21.0&#8243; _module_preset=&#8221;default&#8221; global_colors_info=&#8221;{}&#8221;][et_pb_text _builder_version=&#8221;4.21.0&#8243; _module_preset=&#8221;default&#8221; header_2_text_color=&#8221;#7fda41&#8243; global_colors_info=&#8221;{}&#8221;]<\/p>\n<h1 class=\"tytulpage\">Crusher manufactured by ZNT \"EKO-LAB\"<\/h1>\n<p>[\/et_pb_text][et_pb_text _builder_version=&#8221;4.24.0&#8243; _module_preset=&#8221;default&#8221; header_2_text_color=&#8221;#7fda41&#8243; locked=&#8221;off&#8221; global_colors_info=&#8221;{}&#8221;]<\/p>\n<h2>LAB-03-260 jaw crusher<\/h2>\n<p>[\/et_pb_text][et_pb_text _builder_version=&#8221;4.24.0&#8243; _module_preset=&#8221;default&#8221; text_text_color=&#8221;#000000&#8243; global_colors_info=&#8221;{}&#8221;]<\/p>\n<p><span>The largest crusher in EKO-LAB's offer, designed to work in difficult conditions, under heavy load, for initial crushing of even very hard but brittle and not very wet natural and artificial minerals. It can crush virtually any substance that cracks under pressure\/impact. It is not effective in the case of very damp, plastic and fibrous materials. Due to the high throughput that can be achieved, it is often used in small production lines.<\/span><\/p>\n<p>[\/et_pb_text][et_pb_image src=&#8221;https:\/\/www.wilpo.pl\/wp-content\/uploads\/2024\/01\/LAB-260.jpg&#8221; title_text=&#8221;LAB-260&#8243; show_in_lightbox=&#8221;on&#8221; align=&#8221;center&#8221; _builder_version=&#8221;4.24.0&#8243; _module_preset=&#8221;default&#8221; global_colors_info=&#8221;{}&#8221;][\/et_pb_image][et_pb_text _builder_version=&#8221;4.24.0&#8243; _module_preset=&#8221;default&#8221; header_2_text_color=&#8221;#7fda41&#8243; custom_padding=&#8221;0px|||||&#8221; global_colors_info=&#8221;{}&#8221;]<\/p>\n<h3>Basic technical data<\/h3>\n<p>[\/et_pb_text][et_pb_text _builder_version=&#8221;4.24.0&#8243; _module_preset=&#8221;default&#8221; text_text_color=&#8221;#000000&#8243; custom_margin=&#8221;||60px|||&#8221; locked=&#8221;off&#8221; global_colors_info=&#8221;{}&#8221;]<\/p>\n<table class=\"test\" border=\"0\" width=\"100%\" style=\"width: 100%; height: 175px;\">\n<tbody>\n<tr style=\"height: 25px;\">\n<td width=\"373\" style=\"height: 25px;\"><strong><span style=\"font-family: Calibri;\">Outlet throat dimensions:<\/span><\/strong><\/td>\n<td style=\"height: 25px;\"><span style=\"font-family: Calibri;\"><span>260\u00d7130 mm<\/span><\/span><\/td>\n<\/tr>\n<tr style=\"height: 25px;\">\n<td style=\"height: 25px;\"><strong><span style=\"font-family: Calibri;\">Maximum feed grain size:<\/span><\/strong><\/td>\n<td style=\"height: 25px;\"><span style=\"font-family: Calibri;\"><span>smaller than the dimensions of the throat<\/span><\/span><\/td>\n<\/tr>\n<tr style=\"height: 25px;\">\n<td style=\"height: 25px;\"><strong><span style=\"font-family: Calibri;\">Zakres regulacji szczeliny roboczej:<br \/><\/span><\/strong><\/td>\n<td style=\"height: 25px;\"><span style=\"font-family: Calibri;\"><span>from 3 to 25 mm<\/span> <\/span><\/td>\n<\/tr>\n<tr style=\"height: 25px;\">\n<td style=\"height: 25px;\"><strong><span style=\"font-family: Calibri;\">Minimum (achievable) grain size of the product:<\/span><\/strong><\/td>\n<td style=\"height: 25px;\"><span style=\"font-family: Calibri;\"><span>even 100% below 5 mm<\/span><\/span><\/td>\n<\/tr>\n<tr style=\"height: 25px;\">\n<td style=\"height: 25px;\"><strong><span style=\"font-family: Calibri;\">Wydajno\u015b\u0107 kruszarki:<\/span><\/strong><\/td>\n<td style=\"height: 25px;\"><span style=\"font-family: Calibri;\"><span>0,2-1 m3\/h<\/span><\/span><\/td>\n<\/tr>\n<tr style=\"height: 25px;\">\n<td style=\"height: 25px;\"><strong><span style=\"font-family: Calibri;\">Power supply:<\/span><\/strong><\/td>\n<td style=\"height: 25px;\"><span style=\"font-family: Calibri;\"><span>3 x 400 V, 7,5 kW, 50Hz<\/span><\/span><\/td>\n<\/tr>\n<tr style=\"height: 25px;\">\n<td style=\"height: 25px;\"><strong><span style=\"font-family: Calibri;\">Dimensions:<\/span><\/strong><\/td>\n<td style=\"height: 25px;\"><span style=\"font-family: Calibri;\"><span>approx. 600 x 700 x 1100 mm<\/span><\/span><\/td>\n<\/tr>\n<tr>\n<td><strong><span style=\"font-family: Calibri;\">Crusher weight:<\/span><\/strong><\/td>\n<td><span style=\"font-family: Calibri;\"><span>approx. 350 kg<\/span><\/span><\/td>\n<\/tr>\n<\/tbody>\n<\/table>\n<p>[\/et_pb_text][et_pb_text _builder_version=&#8221;4.24.0&#8243; _module_preset=&#8221;default&#8221; header_2_text_color=&#8221;#7fda41&#8243; global_colors_info=&#8221;{}&#8221;]<\/p>\n<h2>3-stage, 4-roll crusher LAB-200\/III<\/h2>\n<p>[\/et_pb_text][et_pb_text _builder_version=&#8221;4.24.0&#8243; _module_preset=&#8221;default&#8221; text_text_color=&#8221;#000000&#8243; global_colors_info=&#8221;{}&#8221;]<\/p>\n<p><span>The device is intended for grinding medium-hard materials, both natural and artificial, including those with high moisture content (up to 25%). Due to the continuous crushing method and the resulting short retention time of the material in the working zone (minimizing the thermal effect), the crusher is characterized by small moisture losses in the measured medium.<\/span><\/p>\n<p>[\/et_pb_text][et_pb_image src=&#8221;https:\/\/www.wilpo.pl\/wp-content\/uploads\/2024\/01\/LAB-200-300&#215;200-1.jpg&#8221; title_text=&#8221;LAB-200-300&#215;200&#8243; show_in_lightbox=&#8221;on&#8221; align=&#8221;center&#8221; _builder_version=&#8221;4.24.0&#8243; _module_preset=&#8221;default&#8221; global_colors_info=&#8221;{}&#8221;][\/et_pb_image][et_pb_text _builder_version=&#8221;4.24.0&#8243; _module_preset=&#8221;default&#8221; header_2_text_color=&#8221;#7fda41&#8243; custom_padding=&#8221;0px|||||&#8221; locked=&#8221;off&#8221; global_colors_info=&#8221;{}&#8221;]<\/p>\n<h3>Basic technical data<\/h3>\n<p>[\/et_pb_text][et_pb_text _builder_version=&#8221;4.24.0&#8243; _module_preset=&#8221;default&#8221; text_text_color=&#8221;#000000&#8243; custom_margin=&#8221;||60px|||&#8221; global_colors_info=&#8221;{}&#8221;]<\/p>\n<table class=\"test\" border=\"0\" width=\"100%\">\n<tbody>\n<tr>\n<td width=\"373\"><strong><span style=\"font-family: Calibri;\">Maximum feed grain size:<\/span><\/strong><\/td>\n<td><span style=\"font-family: Calibri;\"><span>60-70 mm<\/span><\/span><\/td>\n<\/tr>\n<tr>\n<td><strong><span style=\"font-family: Calibri;\">Minimum grain size of the product:<\/span><\/strong><\/td>\n<td><span style=\"font-family: Calibri;\"><span>99.5% below 3mm<\/span><\/span><\/td>\n<\/tr>\n<tr>\n<td><strong><span style=\"font-family: Calibri;\">Power supply:<br \/><\/span><\/strong><\/td>\n<td><span style=\"font-family: Calibri;\"><span>230V, 2 x 5,5kW, 50 Hz<\/span><\/span><\/td>\n<\/tr>\n<tr>\n<td><strong><span style=\"font-family: Calibri;\">Dimensions:<\/span><\/strong><\/td>\n<td><span style=\"font-family: Calibri;\"><span>approx. 640 x 1010 x 1100 mm<\/span><\/span><\/td>\n<\/tr>\n<tr>\n<td><strong><span style=\"font-family: Calibri;\">Crusher weight:<\/span><\/strong><\/td>\n<td><span style=\"font-family: Calibri;\"><span>approx. 470 kg<\/span><\/span><\/td>\n<\/tr>\n<\/tbody>\n<\/table>\n<p>[\/et_pb_text][et_pb_text _builder_version=&#8221;4.24.0&#8243; _module_preset=&#8221;default&#8221; header_2_text_color=&#8221;#7fda41&#8243; locked=&#8221;off&#8221; global_colors_info=&#8221;{}&#8221;]<\/p>\n<h2>Laboratory 4-roll crusher LAB-08-240\/ZS<\/h2>\n<p>[\/et_pb_text][et_pb_text _builder_version=&#8221;4.24.0&#8243; _module_preset=&#8221;default&#8221; text_text_color=&#8221;#000000&#8243; locked=&#8221;off&#8221; global_colors_info=&#8221;{}&#8221;]<\/p>\n<p><span>The device is intended for preliminary grinding of soft and medium-hard materials (e.g. coal, slag, dolomite, etc.). Most often used for grinding moist coal grades, such as fines or mixtures, because it allows you to quickly and safely grind even very damp samples taken from heaps or wagons, without the need to clean the interior and with minimal moisture loss. The material is crushed between smooth steel rollers with a diameter of \u03a6 240 mm.<\/span><\/p>\n<p>[\/et_pb_text][et_pb_image src=&#8221;https:\/\/www.wilpo.pl\/wp-content\/uploads\/2024\/01\/LAB-240-200&#215;300-1.jpg&#8221; title_text=&#8221;LAB-240-200&#215;300&#8243; show_in_lightbox=&#8221;on&#8221; align=&#8221;center&#8221; _builder_version=&#8221;4.24.0&#8243; _module_preset=&#8221;default&#8221; locked=&#8221;off&#8221; global_colors_info=&#8221;{}&#8221;][\/et_pb_image][et_pb_text _builder_version=&#8221;4.24.0&#8243; _module_preset=&#8221;default&#8221; header_2_text_color=&#8221;#7fda41&#8243; custom_padding=&#8221;0px|||||&#8221; locked=&#8221;off&#8221; global_colors_info=&#8221;{}&#8221;]<\/p>\n<h3>Basic technical data<\/h3>\n<p>[\/et_pb_text][et_pb_text _builder_version=&#8221;4.24.0&#8243; _module_preset=&#8221;default&#8221; text_text_color=&#8221;#000000&#8243; custom_margin=&#8221;||80px|||&#8221; locked=&#8221;off&#8221; global_colors_info=&#8221;{}&#8221;]<\/p>\n<table class=\"test\" border=\"0\" width=\"100%\">\n<tbody>\n<tr>\n<td width=\"373\"><strong><span style=\"font-family: Calibri;\">Maximum feed grain size:<\/span><\/strong><\/td>\n<td><span style=\"font-family: Calibri;\"><span>40-45 mm<\/span><\/span><\/td>\n<\/tr>\n<tr>\n<td><strong><span style=\"font-family: Calibri;\">Minimum (achievable) grain size of the product:<\/span><\/strong><\/td>\n<td><span style=\"font-family: Calibri;\"><span>95-99% below 3 mm<\/span><\/span><\/td>\n<\/tr>\n<tr>\n<td><strong><span style=\"font-family: Calibri;\">Power supply:<br \/><\/span><\/strong><\/td>\n<td><span style=\"font-family: Calibri;\"><span>3 x 400 V, 4 kW, 50Hz<\/span><\/span><\/td>\n<\/tr>\n<tr>\n<td><strong><span style=\"font-family: Calibri;\">Dimensions:<\/span><\/strong><\/td>\n<td><span style=\"font-family: Calibri;\"><span>approx. 660 x 900 x 800 mm<\/span><\/span><\/td>\n<\/tr>\n<tr>\n<td><strong><span style=\"font-family: Calibri;\">Crusher weight:<\/span><\/strong><\/td>\n<td><span style=\"font-family: Calibri;\"><span>approx. 350 kg<\/span><\/span><\/td>\n<\/tr>\n<\/tbody>\n<\/table>\n<p>[\/et_pb_text][et_pb_text _builder_version=&#8221;4.24.0&#8243; _module_preset=&#8221;default&#8221; text_text_color=&#8221;#000000&#8243; hover_enabled=&#8221;0&#8243; global_colors_info=&#8221;{}&#8221; locked=&#8221;off&#8221; sticky_enabled=&#8221;0&#8243;]<\/p>\n<p style=\"text-align: center;\"><span>The EKO-LAB offer also includes shakers,<br \/>laboratory equipment and accessories for sieve analysis.<\/span><\/p>\n<p>[\/et_pb_text][\/et_pb_column][\/et_pb_row][\/et_pb_section]<\/p>","protected":false},"excerpt":{"rendered":"<p>Kruszarki produkcji ZNT \u201eEKO-LAB\u201dKruszarka szcz\u0119kowa LAB-03-260Najwi\u0119ksza gabarytowo w ofercie EKO-LAB kruszarka, przeznaczona do pracy w trudnych warunkach,\u00a0przy du\u017cym obci\u0105\u017ceniu, do wst\u0119pnego rozdrabniania nawet bardzo twardych ale kruchych i niezbyt wilgotnych minera\u0142\u00f3w naturalnych jak i wytwarzanych sztucznie. Mo\u017ce ona kruszy\u0107 praktycznie ka\u017cd\u0105 substancj\u0119, p\u0119kaj\u0105c\u0105 pod wp\u0142ywem nacisku\/udaru. Nie jest ona skuteczna w przypadku materia\u0142\u00f3w mocno zawilgoconych, [&hellip;]<\/p>","protected":false},"author":1,"featured_media":0,"parent":265,"menu_order":0,"comment_status":"closed","ping_status":"closed","template":"","meta":{"_et_pb_use_builder":"on","_et_pb_old_content":"","_et_gb_content_width":"","footnotes":""},"_links":{"self":[{"href":"https:\/\/www.wilpo.pl\/en\/wp-json\/wp\/v2\/pages\/374"}],"collection":[{"href":"https:\/\/www.wilpo.pl\/en\/wp-json\/wp\/v2\/pages"}],"about":[{"href":"https:\/\/www.wilpo.pl\/en\/wp-json\/wp\/v2\/types\/page"}],"author":[{"embeddable":true,"href":"https:\/\/www.wilpo.pl\/en\/wp-json\/wp\/v2\/users\/1"}],"replies":[{"embeddable":true,"href":"https:\/\/www.wilpo.pl\/en\/wp-json\/wp\/v2\/comments?post=374"}],"version-history":[{"count":27,"href":"https:\/\/www.wilpo.pl\/en\/wp-json\/wp\/v2\/pages\/374\/revisions"}],"predecessor-version":[{"id":568,"href":"https:\/\/www.wilpo.pl\/en\/wp-json\/wp\/v2\/pages\/374\/revisions\/568"}],"up":[{"embeddable":true,"href":"https:\/\/www.wilpo.pl\/en\/wp-json\/wp\/v2\/pages\/265"}],"wp:attachment":[{"href":"https:\/\/www.wilpo.pl\/en\/wp-json\/wp\/v2\/media?parent=374"}],"curies":[{"name":"wp","href":"https:\/\/api.w.org\/{rel}","templated":true}]}}