{"id":270,"date":"2023-07-25T00:37:15","date_gmt":"2023-07-24T22:37:15","guid":{"rendered":"http:\/\/www.wilpo.pl\/?page_id=270"},"modified":"2024-01-22T14:17:18","modified_gmt":"2024-01-22T13:17:18","slug":"wilpo-uslugi","status":"publish","type":"page","link":"https:\/\/www.wilpo.pl\/en\/wilpo-services\/","title":{"rendered":"Wilpo &#8211; us\u0142ugi"},"content":{"rendered":"<p>[et_pb_section fb_built=&#8221;1&#8243; module_id=&#8221;oferta-wykaz&#8221; _builder_version=&#8221;4.21.0&#8243; _module_preset=&#8221;default&#8221; use_background_color_gradient=&#8221;on&#8221; background_color_gradient_stops=&#8221;rgba(255,255,255,0.91) 1%|rgba(255,255,255,0.81) 98%&#8221; background_color_gradient_overlays_image=&#8221;on&#8221; background_image=&#8221;https:\/\/www.wilpo.pl\/wp-content\/uploads\/2023\/07\/Projekt-bez-nazwy-18.jpg&#8221; global_colors_info=&#8221;{}&#8221;][et_pb_row _builder_version=&#8221;4.21.0&#8243; _module_preset=&#8221;default&#8221; global_colors_info=&#8221;{}&#8221;][et_pb_column type=&#8221;4_4&#8243; _builder_version=&#8221;4.21.0&#8243; _module_preset=&#8221;default&#8221; global_colors_info=&#8221;{}&#8221;][et_pb_text _builder_version=&#8221;4.21.0&#8243; _module_preset=&#8221;default&#8221; text_font=&#8221;|600||on|||||&#8221; text_text_color=&#8221;#6ab139&#8243; text_font_size=&#8221;27px&#8221; text_orientation=&#8221;center&#8221; global_colors_info=&#8221;{}&#8221;]<\/p>\n<p>Our services<\/p>\n<p>[\/et_pb_text][\/et_pb_column][\/et_pb_row][et_pb_row column_structure=&#8221;1_3,1_3,1_3&#8243; make_equal=&#8221;on&#8221; _builder_version=&#8221;4.21.0&#8243; _module_preset=&#8221;default&#8221; global_colors_info=&#8221;{}&#8221;][et_pb_column type=&#8221;1_3&#8243; _builder_version=&#8221;4.21.0&#8243; _module_preset=&#8221;default&#8221; global_colors_info=&#8221;{}&#8221;][et_pb_blurb title=&#8221;Nadz\u00f3r w zakresie ochrony radiologicznej&#8221; image=&#8221;https:\/\/www.wilpo.pl\/wp-content\/uploads\/2023\/10\/Atom.jpg&#8221; _builder_version=&#8221;4.21.0&#8243; _module_preset=&#8221;default&#8221; header_text_align=&#8221;center&#8221; text_orientation=&#8221;center&#8221; custom_margin=&#8221;||73px|||&#8221; global_colors_info=&#8221;{}&#8221;]<\/p>\n<p><span>As a manufacturer of isotope devices, PWP WILPO provides its customers with full radiological safety control, in accordance with the current guidelines of the National Atomic Energy Agency.<\/span><\/p>\n<p>[\/et_pb_blurb][et_pb_button button_url=&#8221;https:\/\/www.wilpo.pl\/nadzor-w-zakresie-ochrony-radiologicznej\/&#8221; button_text=&#8221;Dowiedz si\u0119 wi\u0119cej&#8221; button_alignment=&#8221;center&#8221; _builder_version=&#8221;4.21.0&#8243; _module_preset=&#8221;default&#8221; global_colors_info=&#8221;{}&#8221;][\/et_pb_button][\/et_pb_column][et_pb_column type=&#8221;1_3&#8243; _builder_version=&#8221;4.21.0&#8243; _module_preset=&#8221;default&#8221; global_colors_info=&#8221;{}&#8221;][et_pb_blurb title=&#8221;Serwis&#8221; image=&#8221;https:\/\/www.wilpo.pl\/wp-content\/uploads\/2024\/01\/Serwis_1.jpg&#8221; _builder_version=&#8221;4.21.0&#8243; _module_preset=&#8221;default&#8221; header_text_align=&#8221;center&#8221; text_orientation=&#8221;center&#8221; custom_margin=&#8221;||75px|||&#8221; global_colors_info=&#8221;{}&#8221;]<\/p>\n<p><span>Professional and fast service is one of the priorities of our business. PWP WILPO provides users of the devices it produces with technical support at every stage of their operation.<\/span><\/p>\n<p>[\/et_pb_blurb][et_pb_button button_url=&#8221;https:\/\/www.wilpo.pl\/serwis\/&#8221; button_text=&#8221;Dowiedz si\u0119 wi\u0119cej&#8221; button_alignment=&#8221;center&#8221; _builder_version=&#8221;4.21.0&#8243; _module_preset=&#8221;default&#8221; custom_margin=&#8221;||2px|||&#8221; global_colors_info=&#8221;{}&#8221;][\/et_pb_button][\/et_pb_column][et_pb_column type=&#8221;1_3&#8243; _builder_version=&#8221;4.21.0&#8243; _module_preset=&#8221;default&#8221; global_colors_info=&#8221;{}&#8221;][et_pb_blurb title=&#8221;Szkolenia&#8221; image=&#8221;https:\/\/www.wilpo.pl\/wp-content\/uploads\/2023\/10\/Szkolenie.jpg&#8221; _builder_version=&#8221;4.21.0&#8243; _module_preset=&#8221;default&#8221; header_text_align=&#8221;center&#8221; text_orientation=&#8221;center&#8221; global_colors_info=&#8221;{}&#8221;]<\/p>\n<p><span>PWP WILPO zapewnia pe\u0142ny wachlarz szkole\u0144, zar\u00f3wno w zakresie obs\u0142ugi produkowanych i wdra\u017canych w przemy\u015ble autorskich rozwi\u0105za\u0144 pomiarowych, jak i w zakresie ochrony radiologicznej dla pracownik\u00f3w zawodowo nara\u017conych na dzia\u0142anie promieniowania jonizujacego.<\/span><\/p>\n<p>[\/et_pb_blurb][et_pb_button button_url=&#8221;https:\/\/www.wilpo.pl\/szkolenia\/&#8221; button_text=&#8221;Dowiedz si\u0119 wi\u0119cej&#8221; button_alignment=&#8221;center&#8221; _builder_version=&#8221;4.21.0&#8243; _module_preset=&#8221;default&#8221; hover_enabled=&#8221;0&#8243; global_colors_info=&#8221;{}&#8221; sticky_enabled=&#8221;0&#8243;][\/et_pb_button][\/et_pb_column][\/et_pb_row][\/et_pb_section]<\/p>","protected":false},"excerpt":{"rendered":"<p>Nasze us\u0142ugiJako producent urz\u0105dze\u0144 izotopowych, PWP WILPO zapewnia swoim klientom pe\u0142n\u0105 kontrol\u0119 bezpiecze\u0144stwa radiologicznego, zgodnie z aktualnymi wytycznymi Pa\u0144stwowej Agencji Atomistyki.Profesjonalna i szybka obs\u0142uga serwisowa jest jednym z priorytet\u00f3w prowadzonej przez nas dzia\u0142alno\u015bci.\u00a0 PWP WILPO zapewnia u\u017cytkownikom produkowanych przez siebie urz\u0105dze\u0144 wsparcie techniczne na ka\u017cdym etapie ich eksploatacji.PWP WILPO zapewnia pe\u0142ny wachlarz szkole\u0144, zar\u00f3wno w [&hellip;]<\/p>","protected":false},"author":1,"featured_media":0,"parent":0,"menu_order":0,"comment_status":"closed","ping_status":"closed","template":"","meta":{"_et_pb_use_builder":"on","_et_pb_old_content":"","_et_gb_content_width":"","footnotes":""},"_links":{"self":[{"href":"https:\/\/www.wilpo.pl\/en\/wp-json\/wp\/v2\/pages\/270"}],"collection":[{"href":"https:\/\/www.wilpo.pl\/en\/wp-json\/wp\/v2\/pages"}],"about":[{"href":"https:\/\/www.wilpo.pl\/en\/wp-json\/wp\/v2\/types\/page"}],"author":[{"embeddable":true,"href":"https:\/\/www.wilpo.pl\/en\/wp-json\/wp\/v2\/users\/1"}],"replies":[{"embeddable":true,"href":"https:\/\/www.wilpo.pl\/en\/wp-json\/wp\/v2\/comments?post=270"}],"version-history":[{"count":12,"href":"https:\/\/www.wilpo.pl\/en\/wp-json\/wp\/v2\/pages\/270\/revisions"}],"predecessor-version":[{"id":523,"href":"https:\/\/www.wilpo.pl\/en\/wp-json\/wp\/v2\/pages\/270\/revisions\/523"}],"wp:attachment":[{"href":"https:\/\/www.wilpo.pl\/en\/wp-json\/wp\/v2\/media?parent=270"}],"curies":[{"name":"wp","href":"https:\/\/api.w.org\/{rel}","templated":true}]}}