{"id":252,"date":"2023-07-25T00:28:12","date_gmt":"2023-07-24T22:28:12","guid":{"rendered":"http:\/\/www.wilpo.pl\/?page_id=252"},"modified":"2023-10-16T14:26:02","modified_gmt":"2023-10-16T12:26:02","slug":"nadzor-w-zakresie-ochrony-radiologicznej","status":"publish","type":"page","link":"https:\/\/www.wilpo.pl\/en\/supervision-in-the-scope-of-radiological-protection\/","title":{"rendered":"Supervision in the field of radiological protection"},"content":{"rendered":"<p>[et_pb_section fb_built=&#8221;1&#8243; _builder_version=&#8221;4.21.0&#8243; _module_preset=&#8221;default&#8221; use_background_color_gradient=&#8221;on&#8221; background_color_gradient_stops=&#8221;rgba(255,255,255,0.91) 0%|rgba(255,255,255,0.72) 100%&#8221; background_color_gradient_overlays_image=&#8221;on&#8221; background_image=&#8221;https:\/\/www.wilpo.pl\/wp-content\/uploads\/2023\/07\/tlo-uslugi.jpg&#8221; global_colors_info=&#8221;{}&#8221;][et_pb_row _builder_version=&#8221;4.21.0&#8243; _module_preset=&#8221;default&#8221; global_colors_info=&#8221;{}&#8221;][et_pb_column type=&#8221;4_4&#8243; _builder_version=&#8221;4.21.0&#8243; _module_preset=&#8221;default&#8221; global_colors_info=&#8221;{}&#8221;][et_pb_text _builder_version=&#8221;4.21.0&#8243; _module_preset=&#8221;default&#8221; text_font=&#8221;|600||on|||||&#8221; text_text_color=&#8221;#6ab139&#8243; text_font_size=&#8221;27px&#8221; text_orientation=&#8221;center&#8221; hover_enabled=&#8221;0&#8243; global_colors_info=&#8221;{}&#8221; sticky_enabled=&#8221;0&#8243; locked=&#8221;off&#8221; custom_padding=&#8221;||0px|||&#8221;]<\/p>\n<p>Supervision in the field of radiological protection<\/p>\n<p>[\/et_pb_text][et_pb_text _builder_version=&#8221;4.21.0&#8243; _module_preset=&#8221;default&#8221; text_text_color=&#8221;#000000&#8243; global_colors_info=&#8221;{}&#8221;]<\/p>\n<p>Having appropriate authorizations granted by the President of the Polish AA, we offer comprehensive services in the field of radiological protection in accordance with the applicable provisions of the Atomic Law, including:<\/p>\n<ul>\n<li>supervision over compliance with business activities in accordance with work instructions and maintaining documentation regarding nuclear safety and radiological protection,<\/li>\n<li>supervision over the fulfillment of conditions allowing employees to be employed at a given job position,<\/li>\n<li>conducting training for employees working under conditions of exposure to ionizing radiation,<\/li>\n<li>development of a program of dosimetric measurements in the work environment and measurements and records of individual doses,<\/li>\n<li>cooperation with the company's occupational health and safety services, fire protection services and environmental protection services in the field of protection against ionizing radiation.<\/li>\n<\/ul>\n<p>[\/et_pb_text][\/et_pb_column][\/et_pb_row][\/et_pb_section]<\/p>","protected":false},"excerpt":{"rendered":"<p>Nadz\u00f3r w zakresie ochrony radiologicznejPosiadaj\u0105c odpowiednie uprawnienia nadane przez Prezesa PAA oferujemy kompleksow\u0105 obs\u0142ug\u0119 z zakresu ochrony radiologicznej zgodnie z obowi\u0105zuj\u0105cymi przepisami Prawa atomowego, w tym: nadz\u00f3r nad przestrzeganiem prowadzenia dzia\u0142alno\u015bci wed\u0142ug instrukcji pracy oraz nad prowadzeniem dokumentacji dotycz\u0105cej bezpiecze\u0144stwa j\u0105drowego i ochrony radiologicznej, nadz\u00f3r nad spe\u0142nianiem warunk\u00f3w dopuszczaj\u0105cych pracownik\u00f3w do zatrudnienia na danym stanowisku [&hellip;]<\/p>","protected":false},"author":1,"featured_media":0,"parent":0,"menu_order":0,"comment_status":"closed","ping_status":"closed","template":"","meta":{"_et_pb_use_builder":"on","_et_pb_old_content":"","_et_gb_content_width":"","footnotes":""},"_links":{"self":[{"href":"https:\/\/www.wilpo.pl\/en\/wp-json\/wp\/v2\/pages\/252"}],"collection":[{"href":"https:\/\/www.wilpo.pl\/en\/wp-json\/wp\/v2\/pages"}],"about":[{"href":"https:\/\/www.wilpo.pl\/en\/wp-json\/wp\/v2\/types\/page"}],"author":[{"embeddable":true,"href":"https:\/\/www.wilpo.pl\/en\/wp-json\/wp\/v2\/users\/1"}],"replies":[{"embeddable":true,"href":"https:\/\/www.wilpo.pl\/en\/wp-json\/wp\/v2\/comments?post=252"}],"version-history":[{"count":4,"href":"https:\/\/www.wilpo.pl\/en\/wp-json\/wp\/v2\/pages\/252\/revisions"}],"predecessor-version":[{"id":363,"href":"https:\/\/www.wilpo.pl\/en\/wp-json\/wp\/v2\/pages\/252\/revisions\/363"}],"wp:attachment":[{"href":"https:\/\/www.wilpo.pl\/en\/wp-json\/wp\/v2\/media?parent=252"}],"curies":[{"name":"wp","href":"https:\/\/api.w.org\/{rel}","templated":true}]}}