{"id":239,"date":"2023-07-24T23:57:09","date_gmt":"2023-07-24T21:57:09","guid":{"rendered":"http:\/\/www.wilpo.pl\/?page_id=239"},"modified":"2023-10-20T13:40:04","modified_gmt":"2023-10-20T11:40:04","slug":"system-dyspozytorski-kontroli-jakosci","status":"publish","type":"page","link":"https:\/\/www.wilpo.pl\/en\/quality-control-dispatch-system\/","title":{"rendered":"Quality control dispatch system"},"content":{"rendered":"<p>[et_pb_section fb_built=&#8221;1&#8243; _builder_version=&#8221;4.21.0&#8243; _module_preset=&#8221;default&#8221; custom_margin=&#8221;||-56px|||&#8221; hover_enabled=&#8221;0&#8243; global_colors_info=&#8221;{}&#8221; sticky_enabled=&#8221;0&#8243;][et_pb_row _builder_version=&#8221;4.21.0&#8243; _module_preset=&#8221;default&#8221; global_colors_info=&#8221;{}&#8221;][et_pb_column type=&#8221;4_4&#8243; _builder_version=&#8221;4.21.0&#8243; _module_preset=&#8221;default&#8221; global_colors_info=&#8221;{}&#8221;][et_pb_text _builder_version=&#8221;4.21.0&#8243; _module_preset=&#8221;default&#8221; text_font=&#8221;|600||on|||||&#8221; text_text_color=&#8221;#6ab139&#8243; text_font_size=&#8221;27px&#8221; text_orientation=&#8221;center&#8221; custom_padding=&#8221;||0px|||&#8221; locked=&#8221;off&#8221; global_colors_info=&#8221;{}&#8221;]<\/p>\n<p>Quality control dispatch system<\/p>\n<p>[\/et_pb_text][\/et_pb_column][\/et_pb_row][\/et_pb_section][et_pb_section fb_built=&#8221;1&#8243; _builder_version=&#8221;4.21.0&#8243; _module_preset=&#8221;default&#8221; custom_padding=&#8221;9px|||||&#8221; global_colors_info=&#8221;{}&#8221;][et_pb_row _builder_version=&#8221;4.21.0&#8243; _module_preset=&#8221;default&#8221; custom_padding=&#8221;4px||17px|||&#8221; global_colors_info=&#8221;{}&#8221;][et_pb_column type=&#8221;4_4&#8243; _builder_version=&#8221;4.21.0&#8243; _module_preset=&#8221;default&#8221; global_colors_info=&#8221;{}&#8221;][et_pb_text _builder_version=&#8221;4.21.0&#8243; _module_preset=&#8221;default&#8221; text_text_color=&#8221;#000000&#8243; text_font_size=&#8221;16px&#8221; custom_padding=&#8221;0px||0px|||&#8221; hover_enabled=&#8221;0&#8243; global_colors_info=&#8221;{}&#8221; sticky_enabled=&#8221;0&#8243;]<\/p>\n<p>The Quality Control Dispatch System is a software platform that is a convenient solution managing the acquisition and visualization of measurement data obtained from a larger number of WILPO measuring devices, monitoring the quality parameters of coal transported and enriched within entire technological lines of mine processing plants. The core of the described System is the TOTUS network software, which may be additionally supplemented with an extensive system of remote databases and result displays useful for additional visualization, both software - VDLed, or electronic displays.<\/p>\n<p>[\/et_pb_text][\/et_pb_column][\/et_pb_row][\/et_pb_section]<\/p>","protected":false},"excerpt":{"rendered":"<p>System dyspozytorski kontroli jako\u015bciSystem Dyspozytorski Kontroli Jako\u015bcito jest platform\u0105 progranow\u0105, stanowi\u0105c\u0105 wygodne rozwi\u0105zanie zarz\u0105dzaj\u0105ce akwizycj\u0105 i wizualizacj\u0105 danych pomiarowych, pozyskiwanych z wi\u0119kszej liczby urz\u0105dze\u0144 pomiarowych WILPO, monitorujacych parametry jako\u015bci w\u0119gli transportowanych i wzbogacanych w obr\u0119bie ca\u0142ych linii technologiczych zak\u0142ad\u00f3w przer\u00f3bczych kopal\u0144. J\u0105drem opisywanego Systemu jest sieciowe oprogramowanie TOTUS, kt\u00f3re dodatkowo uzupe\u0142nione by\u0107 mo\u017ce o rozbudowany [&hellip;]<\/p>","protected":false},"author":1,"featured_media":0,"parent":0,"menu_order":0,"comment_status":"closed","ping_status":"closed","template":"","meta":{"_et_pb_use_builder":"on","_et_pb_old_content":"[BRAK TRE\u015aCI]","_et_gb_content_width":"","footnotes":""},"_links":{"self":[{"href":"https:\/\/www.wilpo.pl\/en\/wp-json\/wp\/v2\/pages\/239"}],"collection":[{"href":"https:\/\/www.wilpo.pl\/en\/wp-json\/wp\/v2\/pages"}],"about":[{"href":"https:\/\/www.wilpo.pl\/en\/wp-json\/wp\/v2\/types\/page"}],"author":[{"embeddable":true,"href":"https:\/\/www.wilpo.pl\/en\/wp-json\/wp\/v2\/users\/1"}],"replies":[{"embeddable":true,"href":"https:\/\/www.wilpo.pl\/en\/wp-json\/wp\/v2\/comments?post=239"}],"version-history":[{"count":5,"href":"https:\/\/www.wilpo.pl\/en\/wp-json\/wp\/v2\/pages\/239\/revisions"}],"predecessor-version":[{"id":394,"href":"https:\/\/www.wilpo.pl\/en\/wp-json\/wp\/v2\/pages\/239\/revisions\/394"}],"wp:attachment":[{"href":"https:\/\/www.wilpo.pl\/en\/wp-json\/wp\/v2\/media?parent=239"}],"curies":[{"name":"wp","href":"https:\/\/api.w.org\/{rel}","templated":true}]}}