{"id":214,"date":"2023-07-24T22:51:31","date_gmt":"2023-07-24T20:51:31","guid":{"rendered":"http:\/\/www.wilpo.pl\/?page_id=214"},"modified":"2024-01-23T13:50:57","modified_gmt":"2024-01-23T12:50:57","slug":"bramka-detekcyjna-wilpo-cp-111","status":"publish","type":"page","link":"https:\/\/www.wilpo.pl\/en\/detection-gate-wilpo-cp-111\/","title":{"rendered":"WILPO CP 111 detection gate"},"content":{"rendered":"<p>[et_pb_section fb_built=&#8221;1&#8243; module_class=&#8221;sekcja-produkt&#8221; _builder_version=&#8221;4.21.0&#8243; _module_preset=&#8221;default&#8221; use_background_color_gradient=&#8221;on&#8221; background_color_gradient_stops=&#8221;rgba(255,255,255,0.91) 0%|rgba(255,255,255,0.72) 100%&#8221; background_color_gradient_overlays_image=&#8221;on&#8221; background_image=&#8221;https:\/\/www.wilpo.pl\/wp-content\/uploads\/2023\/07\/Projekt-bez-nazwy-22.jpg&#8221; global_colors_info=&#8221;{}&#8221;][et_pb_row _builder_version=&#8221;4.21.0&#8243; _module_preset=&#8221;default&#8221; global_colors_info=&#8221;{}&#8221;][et_pb_column type=&#8221;4_4&#8243; _builder_version=&#8221;4.21.0&#8243; _module_preset=&#8221;default&#8221; global_colors_info=&#8221;{}&#8221;][et_pb_text _builder_version=&#8221;4.21.0&#8243; _module_preset=&#8221;default&#8221; text_font=&#8221;|700|||||||&#8221; text_text_color=&#8221;#000000&#8243; header_2_text_color=&#8221;#7fda41&#8243; global_colors_info=&#8221;{}&#8221;]<\/p>\n<h1>WILPO CP 111 detection gate<\/h1>\n<h2>Applied measurement methods<\/h2>\n<p>[\/et_pb_text][et_pb_text _builder_version=&#8221;4.21.0&#8243; _module_preset=&#8221;default&#8221; text_text_color=&#8221;#000000&#8243; global_colors_info=&#8221;{}&#8221;]<\/p>\n<p><span>The WILPO CP 111 radiometric detection gate is designed for ongoing on-line analysis of the level of gamma and X radiation emitted by various types of transported materials, such as aggregates, ores, waste, delivered to waste incineration plants, etc. The device can also be used in monitoring security systems facilities against attempts to bring in or import radioactive materials.<\/span><\/p>\n<p>[\/et_pb_text][et_pb_image src=&#8221;https:\/\/www.wilpo.pl\/wp-content\/uploads\/2023\/07\/CP111_na-www.jpg&#8221; title_text=&#8221;CP111_na-www&#8221; show_in_lightbox=&#8221;on&#8221; align=&#8221;center&#8221; _builder_version=&#8221;4.21.0&#8243; _module_preset=&#8221;default&#8221; global_colors_info=&#8221;{}&#8221;][\/et_pb_image][et_pb_text _builder_version=&#8221;4.21.0&#8243; _module_preset=&#8221;default&#8221; header_2_text_color=&#8221;#7fda41&#8243; global_colors_info=&#8221;{}&#8221;]<\/p>\n<h2>OPERATION PRINCIPLE<\/h2>\n<p>[\/et_pb_text][et_pb_text _builder_version=&#8221;4.21.0&#8243; _module_preset=&#8221;default&#8221; text_text_color=&#8221;#000000&#8243; global_colors_info=&#8221;{}&#8221;]<\/p>\n<p><span>The basic function of the WILPO CP 111 detection gate is to quickly signal the occurrence of an increased level of gamma or X-ray radiation in the area under radiometric control. Each exceeding of the set threshold value of the recorded radiation quanta is signaled by the device with a two-state \"alarm signal\". The gate detection system allows for effective identification of the state of increased radiation level for 100 millisecond analysis times carried out on-line, while the threshold value of the permissible radiation level can be freely defined in the gate controller system. The device is fully automated and operates autonomously, requiring no ongoing operator supervision.<\/span><\/p>\n<p>[\/et_pb_text][et_pb_text _builder_version=&#8221;4.21.0&#8243; _module_preset=&#8221;default&#8221; header_2_text_color=&#8221;#7fda41&#8243; global_colors_info=&#8221;{}&#8221;]<\/p>\n<h2>Construction<\/h2>\n<p>[\/et_pb_text][et_pb_text _builder_version=&#8221;4.21.0&#8243; _module_preset=&#8221;default&#8221; text_text_color=&#8221;#000000&#8243; global_colors_info=&#8221;{}&#8221;]<\/p>\n<p><span>The device uses a radiometric detection system, the key measuring element of which is a set of scintillation probes. The design of the module containing radiation detectors is developed individually to adapt it to the conditions at the site of implementation of a given installation. The shape and parameters of the detection module housing covers are selected in such a way as to ensure optimal radiation detection sensitivity in the area being monitored, while minimizing the influence of the \"radiation background\" from directions not covered by the analysis. The mechanical structure of the WILPO CP 111 gate can be designed as a suspension mounted on a transport conveyor, a gantlet, a free-standing module or in any other form, according to the customer's request.<\/span><\/p>\n<p>[\/et_pb_text][et_pb_image src=&#8221;https:\/\/www.wilpo.pl\/wp-content\/uploads\/2024\/01\/Kolejowe.jpg&#8221; title_text=&#8221;Kolejowe&#8221; show_in_lightbox=&#8221;on&#8221; align=&#8221;center&#8221; _builder_version=&#8221;4.21.0&#8243; _module_preset=&#8221;default&#8221; global_colors_info=&#8221;{}&#8221;][\/et_pb_image][et_pb_text _builder_version=&#8221;4.21.0&#8243; _module_preset=&#8221;default&#8221; header_2_text_color=&#8221;#7fda41&#8243; global_colors_info=&#8221;{}&#8221;]<\/p>\n<h2>Basic technical data<\/h2>\n<p>[\/et_pb_text][et_pb_text _builder_version=&#8221;4.24.0&#8243; _module_preset=&#8221;default&#8221; text_text_color=&#8221;#000000&#8243; hover_enabled=&#8221;0&#8243; global_colors_info=&#8221;{}&#8221; sticky_enabled=&#8221;0&#8243;]<\/p>\n<table>\n<tbody>\n<tr>\n<td>Method of measurement:<\/td>\n<td>absorption of X and gamma radiation<\/td>\n<\/tr>\n<tr>\n<td>Radiation detectors:<\/td>\n<td>from 1 to 3 scintillation probes<\/td>\n<\/tr>\n<tr>\n<td>Energy range of recorded radiation:<\/td>\n<td>0,05 \u2013 3,5 MeV<\/td>\n<\/tr>\n<tr>\n<td>Signal sampling and data processing intervals:<\/td>\n<td>100 ms<\/td>\n<\/tr>\n<tr>\n<td>Minimum Detected Activity:<\/td>\n<td>10 kBq (for quantum energy 661 keV)<\/td>\n<\/tr>\n<tr>\n<td>Output signal:<\/td>\n<td>analog binary signal (4 \u2013 20 mA)<\/td>\n<\/tr>\n<tr>\n<td>Rated supply voltage U<sub>N<\/sub>:<\/td>\n<td>230V(AC), 50 Hz<\/td>\n<\/tr>\n<tr>\n<td>Working Voltage:<\/td>\n<td>(0,9 \u2013 1,1)U<sub>N<\/sub><\/td>\n<\/tr>\n<tr>\n<td>Power consumption:<\/td>\n<td>200 VA (with heaters)<\/td>\n<\/tr>\n<\/tbody>\n<\/table>\n<p>[\/et_pb_text][\/et_pb_column][\/et_pb_row][\/et_pb_section]<\/p>","protected":false},"excerpt":{"rendered":"<p>Bramka detekcyjna WILPO CP 111 Przeznaczenie \u2013 zastosowanieRadiometryczna bramka detekcyjna WILPO CP 111 przeznaczona jest do bie\u017c\u0105cej analizy on-line poziomu promieniowania gamma oraz X, emitowanego przez transportowane materia\u0142y r\u00f3\u017cnego typu jak np. kruszywa, rudy, odpady, dostarczane do spalarni \u015bmieci itp. Urz\u0105dzenie wykorzystywane mo\u017ce by\u0107 r\u00f3wnie\u017c w systemach zabezpieczaj\u0105cych monitorowanie obiekt\u00f3w przed pr\u00f3bami wniesienia lub wwozu [&hellip;]<\/p>","protected":false},"author":1,"featured_media":0,"parent":0,"menu_order":0,"comment_status":"closed","ping_status":"closed","template":"","meta":{"_et_pb_use_builder":"on","_et_pb_old_content":"","_et_gb_content_width":"","footnotes":""},"_links":{"self":[{"href":"https:\/\/www.wilpo.pl\/en\/wp-json\/wp\/v2\/pages\/214"}],"collection":[{"href":"https:\/\/www.wilpo.pl\/en\/wp-json\/wp\/v2\/pages"}],"about":[{"href":"https:\/\/www.wilpo.pl\/en\/wp-json\/wp\/v2\/types\/page"}],"author":[{"embeddable":true,"href":"https:\/\/www.wilpo.pl\/en\/wp-json\/wp\/v2\/users\/1"}],"replies":[{"embeddable":true,"href":"https:\/\/www.wilpo.pl\/en\/wp-json\/wp\/v2\/comments?post=214"}],"version-history":[{"count":5,"href":"https:\/\/www.wilpo.pl\/en\/wp-json\/wp\/v2\/pages\/214\/revisions"}],"predecessor-version":[{"id":575,"href":"https:\/\/www.wilpo.pl\/en\/wp-json\/wp\/v2\/pages\/214\/revisions\/575"}],"wp:attachment":[{"href":"https:\/\/www.wilpo.pl\/en\/wp-json\/wp\/v2\/media?parent=214"}],"curies":[{"name":"wp","href":"https:\/\/api.w.org\/{rel}","templated":true}]}}