{"id":209,"date":"2023-07-24T22:45:15","date_gmt":"2023-07-24T20:45:15","guid":{"rendered":"http:\/\/www.wilpo.pl\/?page_id=209"},"modified":"2024-01-23T13:44:07","modified_gmt":"2024-01-23T12:44:07","slug":"gestosciomierz-radiometryczny-wilpo-cg-111","status":"publish","type":"page","link":"https:\/\/www.wilpo.pl\/en\/radiometric-density-meter-wilpo-cg-111\/","title":{"rendered":"Isotope Density Meter WILPO CG 111"},"content":{"rendered":"<p>[et_pb_section fb_built=&#8221;1&#8243; module_class=&#8221;sekcja-produkt&#8221; _builder_version=&#8221;4.21.0&#8243; _module_preset=&#8221;default&#8221; use_background_color_gradient=&#8221;on&#8221; background_color_gradient_stops=&#8221;rgba(255,255,255,0.91) 0%|rgba(255,255,255,0.72) 100%&#8221; background_color_gradient_overlays_image=&#8221;on&#8221; background_image=&#8221;https:\/\/www.wilpo.pl\/wp-content\/uploads\/2023\/07\/Projekt-bez-nazwy-22.jpg&#8221; global_colors_info=&#8221;{}&#8221;][et_pb_row _builder_version=&#8221;4.21.0&#8243; _module_preset=&#8221;default&#8221; global_colors_info=&#8221;{}&#8221;][et_pb_column type=&#8221;4_4&#8243; _builder_version=&#8221;4.21.0&#8243; _module_preset=&#8221;default&#8221; global_colors_info=&#8221;{}&#8221;][et_pb_text _builder_version=&#8221;4.21.0&#8243; _module_preset=&#8221;default&#8221; text_font=&#8221;|700|||||||&#8221; text_text_color=&#8221;#000000&#8243; header_2_text_color=&#8221;#7fda41&#8243; global_colors_info=&#8221;{}&#8221;]<\/p>\n<h1>Isotope Density Meter WILPO CG 111<\/h1>\n<h2>Applied measurement methods<\/h2>\n<p>[\/et_pb_text][et_pb_text _builder_version=&#8221;4.21.0&#8243; _module_preset=&#8221;default&#8221; text_text_color=&#8221;#000000&#8243; global_colors_info=&#8221;{}&#8221;]<\/p>\n<p><span>Isotope Density Meter WILPO CG 111 is designed for on-line determination of density of liquids or slurries transported in industrial pipelines, especially in ash slurries.<\/span><\/p>\n<p>[\/et_pb_text][et_pb_text _builder_version=&#8221;4.21.0&#8243; _module_preset=&#8221;default&#8221; header_2_text_color=&#8221;#7fda41&#8243; global_colors_info=&#8221;{}&#8221;]<\/p>\n<h2>Construction<\/h2>\n<p>[\/et_pb_text][et_pb_text _builder_version=&#8221;4.21.0&#8243; _module_preset=&#8221;default&#8221; text_text_color=&#8221;#000000&#8243; global_colors_info=&#8221;{}&#8221;]<\/p>\n<p><span>Density meter WILPO CG 111 is practically maintenance-free device, mounted directly on the pipelines transporting the slurries. The measuring system consists of controller unit, which can work autonomously or work together with an external PC unit as well as consist of the isotope head and detection unit.<\/span><\/p>\n<p>[\/et_pb_text][et_pb_image src=&#8221;https:\/\/www.wilpo.pl\/wp-content\/uploads\/2023\/07\/GC111.jpg&#8221; title_text=&#8221;GC111&#8243; show_in_lightbox=&#8221;on&#8221; align=&#8221;center&#8221; _builder_version=&#8221;4.21.0&#8243; _module_preset=&#8221;default&#8221; global_colors_info=&#8221;{}&#8221;][\/et_pb_image][et_pb_text _builder_version=&#8221;4.21.0&#8243; _module_preset=&#8221;default&#8221; text_text_color=&#8221;#000000&#8243; text_font_size=&#8221;12px&#8221; text_orientation=&#8221;center&#8221; global_colors_info=&#8221;{}&#8221;]<\/p>\n<p><span>Pic: Measurement configuration of Density Meter WILPO CG 111, where:<\/span><\/p>\n<p>[\/et_pb_text][et_pb_text _builder_version=&#8221;4.21.0&#8243; _module_preset=&#8221;default&#8221; text_text_color=&#8221;#000000&#8243; global_colors_info=&#8221;{}&#8221;]<\/p>\n<ul>\n<li>1. Isotope head<\/li>\n<li>2. Detection head<\/li>\n<li>3. Mechanical unit fixing to pipeline<\/li>\n<li>4. Controller unit<\/li>\n<\/ul>\n<p>[\/et_pb_text][et_pb_text _builder_version=&#8221;4.21.0&#8243; _module_preset=&#8221;default&#8221; header_2_text_color=&#8221;#7fda41&#8243; global_colors_info=&#8221;{}&#8221;]<\/p>\n<h2>Basic technical data<\/h2>\n<p>[\/et_pb_text][et_pb_text _builder_version=&#8221;4.24.0&#8243; _module_preset=&#8221;default&#8221; text_text_color=&#8221;#000000&#8243; hover_enabled=&#8221;0&#8243; global_colors_info=&#8221;{}&#8221; sticky_enabled=&#8221;0&#8243;]<\/p>\n<table style=\"width: 100%;\">\n<tbody>\n<tr>\n<td><strong>Measured material:<\/strong><\/td>\n<td width=\"321\">slurries, liquids<\/td>\n<\/tr>\n<tr>\n<td><strong>Method of measurement:<\/strong><\/td>\n<td width=\"321\">absorption of gamma radiation<\/td>\n<\/tr>\n<tr>\n<td><strong>Gamma radiation source:<\/strong><\/td>\n<td width=\"321\">Cs-137 (shielded, special form)<\/td>\n<\/tr>\n<tr>\n<td><strong>Gamma radiation detector:<\/strong><\/td>\n<td width=\"321\">scintillation detector with NaI(Tl) crystal<\/td>\n<\/tr>\n<tr>\n<td><strong>Rated supply voltage U<sub>N<\/sub>:<\/strong><\/td>\n<td width=\"321\">230V, 50 Hz<\/td>\n<\/tr>\n<tr>\n<td><strong>Power consumption:<\/strong><\/td>\n<td width=\"321\">50VA<\/td>\n<\/tr>\n<\/tbody>\n<\/table>\n<p>[\/et_pb_text][\/et_pb_column][\/et_pb_row][\/et_pb_section]<\/p>","protected":false},"excerpt":{"rendered":"<p>G\u0119sto\u015bciomierz radiometryczny WILPO CG 111 Przeznaczenie \u2013 zastosowanieIzotopowy G\u0119sto\u015bciomierz WILPO CG 111 przeznaczony jest do ci\u0105g\u0142ych pomiar\u00f3w g\u0119sto\u015bci cieczy lub zawiesin transportowanych w ruroci\u0105gach a szczeg\u00f3lnie w zawiesin popio\u0142u.BudowaG\u0119sto\u015bciomierz CG 111 jest urz\u0105dzeniem bezobs\u0142ugowym, zabudowywanym bezpo\u015brednio na ruroci\u0105gach transportuj\u0105cych zawiesiny. Uk\u0142ad pomiarowy sk\u0142ada si\u0119 z kontrolera, kt\u00f3ry mo\u017ce pracowa\u0107 samodzielnie lub wsp\u00f3\u0142pracowa\u0107 z zewn\u0119trzn\u0105 jednostka [&hellip;]<\/p>","protected":false},"author":1,"featured_media":0,"parent":0,"menu_order":0,"comment_status":"closed","ping_status":"closed","template":"","meta":{"_et_pb_use_builder":"on","_et_pb_old_content":"","_et_gb_content_width":"","footnotes":""},"_links":{"self":[{"href":"https:\/\/www.wilpo.pl\/en\/wp-json\/wp\/v2\/pages\/209"}],"collection":[{"href":"https:\/\/www.wilpo.pl\/en\/wp-json\/wp\/v2\/pages"}],"about":[{"href":"https:\/\/www.wilpo.pl\/en\/wp-json\/wp\/v2\/types\/page"}],"author":[{"embeddable":true,"href":"https:\/\/www.wilpo.pl\/en\/wp-json\/wp\/v2\/users\/1"}],"replies":[{"embeddable":true,"href":"https:\/\/www.wilpo.pl\/en\/wp-json\/wp\/v2\/comments?post=209"}],"version-history":[{"count":4,"href":"https:\/\/www.wilpo.pl\/en\/wp-json\/wp\/v2\/pages\/209\/revisions"}],"predecessor-version":[{"id":573,"href":"https:\/\/www.wilpo.pl\/en\/wp-json\/wp\/v2\/pages\/209\/revisions\/573"}],"wp:attachment":[{"href":"https:\/\/www.wilpo.pl\/en\/wp-json\/wp\/v2\/media?parent=209"}],"curies":[{"name":"wp","href":"https:\/\/api.w.org\/{rel}","templated":true}]}}