{"id":201,"date":"2023-07-24T22:29:34","date_gmt":"2023-07-24T20:29:34","guid":{"rendered":"http:\/\/www.wilpo.pl\/?page_id=201"},"modified":"2024-01-23T13:42:17","modified_gmt":"2024-01-23T12:42:17","slug":"system-pomiaru-wilpo-c-732","status":"publish","type":"page","link":"https:\/\/www.wilpo.pl\/en\/measurement-system-wilpo-c-732\/","title":{"rendered":"WILPO C 732 measurement system"},"content":{"rendered":"<p>[et_pb_section fb_built=&#8221;1&#8243; module_class=&#8221;sekcja-produkt&#8221; _builder_version=&#8221;4.21.0&#8243; _module_preset=&#8221;default&#8221; use_background_color_gradient=&#8221;on&#8221; background_color_gradient_stops=&#8221;rgba(255,255,255,0.91) 0%|rgba(255,255,255,0.72) 100%&#8221; background_color_gradient_overlays_image=&#8221;on&#8221; background_image=&#8221;https:\/\/www.wilpo.pl\/wp-content\/uploads\/2023\/07\/Projekt-bez-nazwy-22.jpg&#8221; global_colors_info=&#8221;{}&#8221;][et_pb_row _builder_version=&#8221;4.21.0&#8243; _module_preset=&#8221;default&#8221; global_colors_info=&#8221;{}&#8221;][et_pb_column type=&#8221;4_4&#8243; _builder_version=&#8221;4.21.0&#8243; _module_preset=&#8221;default&#8221; global_colors_info=&#8221;{}&#8221;][et_pb_text _builder_version=&#8221;4.21.0&#8243; _module_preset=&#8221;default&#8221; text_font=&#8221;|700|||||||&#8221; text_text_color=&#8221;#000000&#8243; header_2_text_color=&#8221;#7fda41&#8243; global_colors_info=&#8221;{}&#8221;]<\/p>\n<h1>WILPO C 732 measurement system<\/h1>\n<p>COOPERATING WITH SAMPLE RECEIVERS<\/p>\n<h2>Applied measurement methods<\/h2>\n<p>[\/et_pb_text][et_pb_text _builder_version=&#8221;4.21.0&#8243; _module_preset=&#8221;default&#8221; text_text_color=&#8221;#000000&#8243; global_colors_info=&#8221;{}&#8221;]<\/p>\n<p><span>The WILPO C 732 system for rapid measurement of coal quality parameters, compatible with sample collectors, is intended for direct measurement of ash and moisture content and for calculating the calorific value of coal in excess, averaged and crushed material, returned to the main belt conveyor after each sample collection by the sample collector.<\/span><\/p>\n<p>[\/et_pb_text][et_pb_image src=&#8221;https:\/\/www.wilpo.pl\/wp-content\/uploads\/2023\/07\/system-pomiaru-jakosci-wegla-c732-2.jpg&#8221; title_text=&#8221;system-pomiaru-jakosci-wegla-c732-2&#8243; show_in_lightbox=&#8221;on&#8221; align=&#8221;center&#8221; _builder_version=&#8221;4.21.0&#8243; _module_preset=&#8221;default&#8221; global_colors_info=&#8221;{}&#8221;][\/et_pb_image][et_pb_text _builder_version=&#8221;4.21.0&#8243; _module_preset=&#8221;default&#8221; header_2_text_color=&#8221;#7fda41&#8243; global_colors_info=&#8221;{}&#8221;]<\/p>\n<h2>Construction<\/h2>\n<p>[\/et_pb_text][et_pb_text _builder_version=&#8221;4.21.0&#8243; _module_preset=&#8221;default&#8221; text_text_color=&#8221;#000000&#8243; global_colors_info=&#8221;{}&#8221;]<\/p>\n<p><span>The WILPO C 732 measurement system is a virtually maintenance-free device, its measuring station can operate independently or be connected to a reading station. The system can be added to existing sample receivers, or integrated - at the design stage - into the system of a new sample receiver.<\/span><\/p>\n<p>[\/et_pb_text][et_pb_image src=&#8221;https:\/\/www.wilpo.pl\/wp-content\/uploads\/2023\/07\/system-pomiaru-jakosci-wegla-c732-budowa-800&#215;450-1.jpg&#8221; title_text=&#8221;system-pomiaru-jakosci-wegla-c732-budowa-800&#215;450&#8243; show_in_lightbox=&#8221;on&#8221; align=&#8221;center&#8221; _builder_version=&#8221;4.21.0&#8243; _module_preset=&#8221;default&#8221; global_colors_info=&#8221;{}&#8221;][\/et_pb_image][et_pb_text _builder_version=&#8221;4.21.0&#8243; _module_preset=&#8221;default&#8221; text_text_color=&#8221;#000000&#8243; global_colors_info=&#8221;{}&#8221;]<\/p>\n<p><strong>Measuring station of the WILPO C732 System, where:<\/strong><\/p>\n<ul>\n<li>1 \u2013 GC15 measuring head<\/li>\n<li>2 \u2013 CW2 layer height sensor<\/li>\n<li>3 \u2013 ZC14 \u200b\u200bsuspension<\/li>\n<li>4 \u2013 ZS2 controller assembly<\/li>\n<\/ul>\n<p>[\/et_pb_text][et_pb_image src=&#8221;https:\/\/www.wilpo.pl\/wp-content\/uploads\/2023\/07\/system-pomiaru-jakosci-wegla-c732-budowa2-800&#215;450-1.jpg&#8221; title_text=&#8221;system-pomiaru-jakosci-wegla-c732-budowa2-800&#215;450&#8243; show_in_lightbox=&#8221;on&#8221; align=&#8221;center&#8221; _builder_version=&#8221;4.21.0&#8243; _module_preset=&#8221;default&#8221; global_colors_info=&#8221;{}&#8221;][\/et_pb_image][et_pb_text _builder_version=&#8221;4.21.0&#8243; _module_preset=&#8221;default&#8221; text_text_color=&#8221;#000000&#8243; global_colors_info=&#8221;{}&#8221;]<\/p>\n<p><strong>GC15 measuring head, where<\/strong><\/p>\n<ul>\n<li>1 \u2013 Scintillation probe<\/li>\n<li>2 \u2013 Working container with a radiation source<\/li>\n<li>3 \u2013 Microwave moisture meter<\/li>\n<li>4 \u2013 Flap with electric actuator<\/li>\n<li>5 \u2013 Layer height sensor<\/li>\n<li>6 \u2013 Measuring head housing<\/li>\n<\/ul>\n<p>[\/et_pb_text][et_pb_text _builder_version=&#8221;4.21.0&#8243; _module_preset=&#8221;default&#8221; header_2_text_color=&#8221;#7fda41&#8243; global_colors_info=&#8221;{}&#8221;]<\/p>\n<h2>Basic technical data<\/h2>\n<p>[\/et_pb_text][et_pb_text _builder_version=&#8221;4.24.0&#8243; _module_preset=&#8221;default&#8221; text_text_color=&#8221;#000000&#8243; hover_enabled=&#8221;0&#8243; global_colors_info=&#8221;{}&#8221; sticky_enabled=&#8221;0&#8243;]<\/p>\n<table style=\"width: 100%;\">\n<tbody>\n<tr>\n<td scope=\"col\"><strong>Coal type:<\/strong><\/td>\n<td width=\"321\">hard coal<\/td>\n<\/tr>\n<tr>\n<td style=\"width: 50%;\" scope=\"col\"><strong>Coal grain size:<\/strong><\/td>\n<td width=\"321\">issued by the sampler crusher<\/td>\n<\/tr>\n<tr>\n<td><strong>Measuring chamber capacity:<\/strong><\/td>\n<td width=\"321\">5 liters [dcm\u00b3]<\/td>\n<\/tr>\n<tr>\n<td><strong>Ash measurement method:<\/strong><\/td>\n<td width=\"321\">gamma radiation scattering<\/td>\n<\/tr>\n<tr>\n<td><strong>Gamma radiation source: <\/strong><\/td>\n<td width=\"321\">Am \u2013 241 \u2013 1 pc. (closed source, special form, activity 3.7 GBq)<\/td>\n<\/tr>\n<tr>\n<td><strong>Gamma radiation detector:<\/strong><\/td>\n<td width=\"321\">scintillation probe with NaI (Tl) crystal<\/td>\n<\/tr>\n<tr>\n<td><strong>Moisture measurement system<\/strong><\/td>\n<td width=\"321\">microwave reflectance meter<\/td>\n<\/tr>\n<tr>\n<td>\n<p><strong>Accuracy of ash measurement:<\/strong><\/p>\n<p><strong> in the range &lt; 25% Ar<\/strong><\/p>\n<p><strong> in the range &gt; 25% Ar<\/strong><\/p>\n<\/td>\n<td width=\"321\">\n<p>&nbsp;<\/p>\n<p>\u03c3 = 0,5 do 1,0 %<\/p>\n<p>\u03c3 = 1,0 do 2,0 %<\/p>\n<\/td>\n<\/tr>\n<tr>\n<td>\n<p><strong>Moisture content measurement accuracy:<\/strong><\/p>\n<p><strong> in the range &lt; 10% Intr<\/strong><\/p>\n<p><strong> in the range &gt; 10% Intr<\/strong><\/p>\n<\/td>\n<td width=\"321\">\n<p>&nbsp;<\/p>\n<p>\u03c3 = 0,5 do 0,7 %<\/p>\n<p>\u03c3 = 0,7 do 1,0 %<\/p>\n<\/td>\n<\/tr>\n<tr>\n<td><strong>Accuracy of determining the calorific value:<\/strong><\/td>\n<td width=\"321\">200-600 kJ\/kg<\/td>\n<\/tr>\n<tr>\n<td><strong>Rated supply voltage UN:<\/strong><\/td>\n<td width=\"321\">230V, 50 Hz<\/td>\n<\/tr>\n<\/tbody>\n<\/table>\n<p>[\/et_pb_text][\/et_pb_column][\/et_pb_row][\/et_pb_section]<\/p>","protected":false},"excerpt":{"rendered":"<p>System pomiaru WILPO C 732 WSP\u00d3\u0141PRACUJ\u0104CY Z PR\u00d3BOBIORNIKAMI Przeznaczenie \u2013 zastosowanieSystem szybkiego pomiaru parametr\u00f3w jako\u015bciowych w\u0119gla typu WILPO C 732 wsp\u00f3\u0142pracuj\u0105cy z pr\u00f3bobiornikami, przeznaczony jest do bezpo\u015bredniego pomiaru zawarto\u015bci popio\u0142u i wilgoci oraz wyliczenia warto\u015bci opa\u0142owej w\u0119gla w nadmiarowym, u\u015brednionym i skruszonym materiale, zwracanym na g\u0142\u00f3wny przeno\u015bnik ta\u015bmowy po ka\u017cdym poborze pr\u00f3bki przez pr\u00f3bobiornik.Budowaystem pomiarowy [&hellip;]<\/p>","protected":false},"author":1,"featured_media":0,"parent":0,"menu_order":0,"comment_status":"closed","ping_status":"closed","template":"","meta":{"_et_pb_use_builder":"on","_et_pb_old_content":"","_et_gb_content_width":"","footnotes":""},"_links":{"self":[{"href":"https:\/\/www.wilpo.pl\/en\/wp-json\/wp\/v2\/pages\/201"}],"collection":[{"href":"https:\/\/www.wilpo.pl\/en\/wp-json\/wp\/v2\/pages"}],"about":[{"href":"https:\/\/www.wilpo.pl\/en\/wp-json\/wp\/v2\/types\/page"}],"author":[{"embeddable":true,"href":"https:\/\/www.wilpo.pl\/en\/wp-json\/wp\/v2\/users\/1"}],"replies":[{"embeddable":true,"href":"https:\/\/www.wilpo.pl\/en\/wp-json\/wp\/v2\/comments?post=201"}],"version-history":[{"count":4,"href":"https:\/\/www.wilpo.pl\/en\/wp-json\/wp\/v2\/pages\/201\/revisions"}],"predecessor-version":[{"id":572,"href":"https:\/\/www.wilpo.pl\/en\/wp-json\/wp\/v2\/pages\/201\/revisions\/572"}],"wp:attachment":[{"href":"https:\/\/www.wilpo.pl\/en\/wp-json\/wp\/v2\/media?parent=201"}],"curies":[{"name":"wp","href":"https:\/\/api.w.org\/{rel}","templated":true}]}}