{"id":161,"date":"2023-07-24T22:02:33","date_gmt":"2023-07-24T20:02:33","guid":{"rendered":"http:\/\/www.wilpo.pl\/?page_id=161"},"modified":"2024-01-23T13:38:58","modified_gmt":"2024-01-23T12:38:58","slug":"popiolomierz-podtasmowy-wilpo-c-212","status":"publish","type":"page","link":"https:\/\/www.wilpo.pl\/en\/subatmospheric-ash-meter-wilpo-c-212\/","title":{"rendered":"Radiometric under belt ash meter WILPO C 212"},"content":{"rendered":"<p>[et_pb_section fb_built=&#8221;1&#8243; module_class=&#8221;sekcja-produkt&#8221; _builder_version=&#8221;4.21.0&#8243; _module_preset=&#8221;default&#8221; use_background_color_gradient=&#8221;on&#8221; background_color_gradient_stops=&#8221;rgba(255,255,255,0.91) 0%|rgba(255,255,255,0.72) 100%&#8221; background_color_gradient_overlays_image=&#8221;on&#8221; background_image=&#8221;https:\/\/www.wilpo.pl\/wp-content\/uploads\/2023\/07\/Projekt-bez-nazwy-22.jpg&#8221; global_colors_info=&#8221;{}&#8221;][et_pb_row _builder_version=&#8221;4.21.0&#8243; _module_preset=&#8221;default&#8221; global_colors_info=&#8221;{}&#8221;][et_pb_column type=&#8221;4_4&#8243; _builder_version=&#8221;4.21.0&#8243; _module_preset=&#8221;default&#8221; global_colors_info=&#8221;{}&#8221;][et_pb_text _builder_version=&#8221;4.21.0&#8243; _module_preset=&#8221;default&#8221; header_2_text_color=&#8221;#7fda41&#8243; global_colors_info=&#8221;{}&#8221;]<\/p>\n<h1>Radiometric under belt ash meter WILPO C 212<\/h1>\n<h2>Applied measurement methods<\/h2>\n<p>[\/et_pb_text][et_pb_text _builder_version=&#8221;4.21.0&#8243; _module_preset=&#8221;default&#8221; text_text_color=&#8221;#000000&#8243; global_colors_info=&#8221;{}&#8221;]<\/p>\n<p><span>The device is designed for continuous measurement of ash content in coal on the conveyor belt. The ash meter WILPO C 212 is especially prepared for ash content measurement in a run of a mine of hard and brown coal. It can be employed in a open pit (i.e. directly on excavators), power stations and mines.<\/span><\/p>\n<p>[\/et_pb_text][et_pb_image src=&#8221;https:\/\/www.wilpo.pl\/wp-content\/uploads\/2023\/07\/podtasmowy-popiolomierz-c212-2.jpg&#8221; title_text=&#8221;podtasmowy-popiolomierz-c212-2&#8243; show_in_lightbox=&#8221;on&#8221; align=&#8221;center&#8221; _builder_version=&#8221;4.21.0&#8243; _module_preset=&#8221;default&#8221; global_colors_info=&#8221;{}&#8221;][\/et_pb_image][et_pb_text _builder_version=&#8221;4.21.0&#8243; _module_preset=&#8221;default&#8221; header_2_text_color=&#8221;#7fda41&#8243; global_colors_info=&#8221;{}&#8221;]<\/p>\n<h2>Construction<\/h2>\n<p>[\/et_pb_text][et_pb_text _builder_version=&#8221;4.21.0&#8243; _module_preset=&#8221;default&#8221; text_text_color=&#8221;#000000&#8243; global_colors_info=&#8221;{}&#8221;]Popio\u0142omierz zbudowany jest z dw\u00f3ch g\u0142\u00f3wnych zespo\u0142\u00f3w: stanowiska pomiarowego i stanowiska odczytowego. Stanowisko pomiarowe sk\u0142ada si\u0119 z zawieszenia, g\u0142owicy pomiarowej ze \u017ar\u00f3d\u0142em promieniowania i detektorem, czujnika wysoko\u015bci warstwy oraz zespo\u0142u elektroniki.<\/p>\n<p>Stanowisko odczytowe stanowi zesp\u00f3\u0142 komputera, ze specjalistycznym oprogramowaniem umo\u017cliwiaj\u0105cym realizacj\u0119 r\u00f3\u017cnych funkcji pomiarowych, wizualizacj\u0119 wynik\u00f3w (cyfrow\u0105 i graficzn\u0105) oraz rejestracj\u0119 wszystkich wynik\u00f3w w specjalizowanej bazie danych.[\/et_pb_text][et_pb_image src=&#8221;https:\/\/www.wilpo.pl\/wp-content\/uploads\/2023\/07\/podtasmowy-popiolomierz-c212-budowa-800&#215;450-1.jpg&#8221; title_text=&#8221;podtasmowy-popiolomierz-c212-budowa-800&#215;450&#8243; show_in_lightbox=&#8221;on&#8221; align=&#8221;center&#8221; _builder_version=&#8221;4.21.0&#8243; _module_preset=&#8221;default&#8221; global_colors_info=&#8221;{}&#8221;][\/et_pb_image][et_pb_text _builder_version=&#8221;4.21.0&#8243; _module_preset=&#8221;default&#8221; header_2_text_color=&#8221;#7fda41&#8243; global_colors_info=&#8221;{}&#8221;]<\/p>\n<h2>Basic technical data<\/h2>\n<p>[\/et_pb_text][et_pb_text _builder_version=&#8221;4.24.0&#8243; _module_preset=&#8221;default&#8221; text_text_color=&#8221;#000000&#8243; hover_enabled=&#8221;0&#8243; global_colors_info=&#8221;{}&#8221; sticky_enabled=&#8221;0&#8243;]<\/p>\n<table class=\"test\" border=\"0\" width=\"100%\">\n<tbody>\n<tr>\n<td width=\"373\"><strong><span style=\"font-family: Calibri;\"> Granulation of the tested coal<\/span><\/strong><\/td>\n<td><span style=\"font-family: Calibri;\">0 \u2013 300 mm<\/span><\/td>\n<\/tr>\n<tr>\n<td><strong><span style=\"font-family: Calibri;\">Required carbon layer thickness:<\/span><\/strong><\/td>\n<td><span style=\"font-family: Calibri;\">min. 100 mm (homogeneous, without layered carbon)<\/span><\/td>\n<\/tr>\n<tr>\n<td><strong><span style=\"font-family: Calibri;\">Conveyor belt:<br \/><\/span><\/strong><\/td>\n<td><span style=\"font-family: Calibri;\">1200 \u2013 2000 mm<br \/>selected for penetrability of the radiation used, uniform along the entire length <\/span><\/td>\n<\/tr>\n<tr>\n<td><strong><span style=\"font-family: Calibri;\">Radiation source:<\/span><\/strong><\/td>\n<td><span style=\"font-family: Calibri;\">Am \u2013 241 (3,7GBq)<\/span><\/td>\n<\/tr>\n<tr>\n<td><strong><span style=\"font-family: Calibri;\">Measurement accuracy \u03c3 (average depends on the selected tape):<br \/>for the range 0 \u2013 20% A<sup>r<\/sup><br \/>for the range 20 \u2013 40% A<sup>r<\/sup><br \/>for the range above 40% A<sup>r<\/sup><\/span><\/strong><\/td>\n<td>\n<p><span style=\"font-family: Calibri;\"><\/p>\n<p>\u00a01,5 %\u00a0<br \/>\u00a02,0 %<br \/>\u00a02,5 %<\/span><\/td>\n<\/tr>\n<tr>\n<td><strong><span style=\"font-family: Calibri;\">Rated supply voltage U<sub>N<\/sub>:<\/span><\/strong><\/td>\n<td><span style=\"font-family: Calibri;\">230V, 50 Hz<\/span><\/td>\n<\/tr>\n<\/tbody>\n<\/table>\n<p>[\/et_pb_text][\/et_pb_column][\/et_pb_row][\/et_pb_section]<\/p>","protected":false},"excerpt":{"rendered":"<p>Popio\u0142omierz podta\u015bmowy WILPO C 212 Przeznaczenie \u2013 zastosowanieUrz\u0105dzenie przeznaczone jest do ci\u0105g\u0142ych pomiar\u00f3w zapopielenia w\u0119gla transportowanego przeno\u015bnikiem ta\u015bmowym. Popio\u0142omierz szczeg\u00f3lnie dostosowany jest do pomiar\u00f3w zawarto\u015bci popio\u0142u w surowym urobku w\u0119gla kamiennego i brunatnego, w kopalniach odkrywkowych np. wprost na koparkach, w elektrowniach i elektrociep\u0142owniach.BudowaPopio\u0142omierz zbudowany jest z dw\u00f3ch g\u0142\u00f3wnych zespo\u0142\u00f3w: stanowiska pomiarowego i stanowiska odczytowego. [&hellip;]<\/p>","protected":false},"author":1,"featured_media":0,"parent":0,"menu_order":0,"comment_status":"closed","ping_status":"closed","template":"","meta":{"_et_pb_use_builder":"on","_et_pb_old_content":"","_et_gb_content_width":"","footnotes":""},"_links":{"self":[{"href":"https:\/\/www.wilpo.pl\/en\/wp-json\/wp\/v2\/pages\/161"}],"collection":[{"href":"https:\/\/www.wilpo.pl\/en\/wp-json\/wp\/v2\/pages"}],"about":[{"href":"https:\/\/www.wilpo.pl\/en\/wp-json\/wp\/v2\/types\/page"}],"author":[{"embeddable":true,"href":"https:\/\/www.wilpo.pl\/en\/wp-json\/wp\/v2\/users\/1"}],"replies":[{"embeddable":true,"href":"https:\/\/www.wilpo.pl\/en\/wp-json\/wp\/v2\/comments?post=161"}],"version-history":[{"count":4,"href":"https:\/\/www.wilpo.pl\/en\/wp-json\/wp\/v2\/pages\/161\/revisions"}],"predecessor-version":[{"id":570,"href":"https:\/\/www.wilpo.pl\/en\/wp-json\/wp\/v2\/pages\/161\/revisions\/570"}],"wp:attachment":[{"href":"https:\/\/www.wilpo.pl\/en\/wp-json\/wp\/v2\/media?parent=161"}],"curies":[{"name":"wp","href":"https:\/\/api.w.org\/{rel}","templated":true}]}}