{"id":119,"date":"2023-07-21T17:47:51","date_gmt":"2023-07-21T15:47:51","guid":{"rendered":"http:\/\/www.wilpo.pl\/?page_id=119"},"modified":"2023-07-25T00:43:50","modified_gmt":"2023-07-24T22:43:50","slug":"partnerzy","status":"publish","type":"page","link":"https:\/\/www.wilpo.pl\/en\/partners\/","title":{"rendered":"Partnerzy"},"content":{"rendered":"<p>[et_pb_section fb_built=&#8221;1&#8243; _builder_version=&#8221;4.21.0&#8243; _module_preset=&#8221;default&#8221; use_background_color_gradient=&#8221;on&#8221; background_color_gradient_stops=&#8221;rgba(255,255,255,0.91) 0%|rgba(255,255,255,0.72) 100%&#8221; background_color_gradient_overlays_image=&#8221;on&#8221; background_image=&#8221;https:\/\/www.wilpo.pl\/wp-content\/uploads\/2023\/07\/Projekt-bez-nazwy-22.jpg&#8221; global_colors_info=&#8221;{}&#8221;][et_pb_row _builder_version=&#8221;4.21.0&#8243; _module_preset=&#8221;default&#8221; global_colors_info=&#8221;{}&#8221;][et_pb_column type=&#8221;4_4&#8243; _builder_version=&#8221;4.21.0&#8243; _module_preset=&#8221;default&#8221; global_colors_info=&#8221;{}&#8221;][et_pb_text _builder_version=&#8221;4.21.0&#8243; _module_preset=&#8221;default&#8221; header_2_text_color=&#8221;#7fda41&#8243; global_colors_info=&#8221;{}&#8221;]<\/p>\n<h1>PARTNERS<\/h1>\n<h2>Below is a list of our partners<\/h2>\n<p>[\/et_pb_text][\/et_pb_column][\/et_pb_row][et_pb_row _builder_version=&#8221;4.21.0&#8243; _module_preset=&#8221;default&#8221; global_colors_info=&#8221;{}&#8221;][et_pb_column type=&#8221;4_4&#8243; _builder_version=&#8221;4.21.0&#8243; _module_preset=&#8221;default&#8221; global_colors_info=&#8221;{}&#8221;][et_pb_tabs _builder_version=&#8221;4.21.0&#8243; _module_preset=&#8221;default&#8221; hover_enabled=&#8221;0&#8243; global_colors_info=&#8221;{}&#8221; sticky_enabled=&#8221;0&#8243;][et_pb_tab title=&#8221;Polska&#8221; _builder_version=&#8221;4.21.0&#8243; _module_preset=&#8221;default&#8221; body_text_align=&#8221;center&#8221; global_colors_info=&#8221;{}&#8221;]<img loading=\"lazy\" decoding=\"async\" src=\"https:\/\/www.wilpo.pl\/wp-content\/uploads\/2023\/07\/Wilpo-Idea-Pro.png\" width=\"272\" height=\"101\" alt=\"\" class=\"wp-image-123 alignnone size-full\" style=\"display: block; margin-left: auto; margin-right: auto;\" \/><br \/>\n<a href=\"https:\/\/www.ideapro.com.pl\">www.ideapro.com.pl<\/a><\/p>\n<p style=\"text-align: center;\"><b>Przedsi\u0119biorstwo Projektowo Produkcyjne IdeaPro Sp. z o.o.<\/b><br \/>\nul. Dolno\u015bl\u0105ska 8 , 67-100 Nowa S\u00f3l<\/p>\n<hr style=\"width: 80%;\" \/>\n<img loading=\"lazy\" decoding=\"async\" src=\"https:\/\/www.wilpo.pl\/wp-content\/uploads\/2023\/07\/Wilpo-Eko-lab-300x111.png\" width=\"300\" height=\"111\" alt=\"\" class=\"wp-image-124 alignnone size-medium\" srcset=\"https:\/\/www.wilpo.pl\/wp-content\/uploads\/2023\/07\/Wilpo-Eko-lab-300x111.png 300w, https:\/\/www.wilpo.pl\/wp-content\/uploads\/2023\/07\/Wilpo-Eko-lab.png 377w\" sizes=\"(max-width: 300px) 100vw, 300px\" \/><\/p>\n<p style=\"text-align: center;\"><a href=\"https:\/\/www.ekolab.com.pl\/\">www.ekolab.com.pl<\/a><\/p>\n<p style=\"text-align: center;\"><strong>ZAK\u0141AD NAUKOWO \u2013 TECHNICZNY&nbsp;<span class=\"bold\">\u201eEKO \u2013 LAB\u201d<\/span><\/strong>&nbsp;<br \/>JASIE\u0143, ul S\u0105decka 3, 32-800 Brzesko&nbsp;<\/p>\n<p>[\/et_pb_tab][et_pb_tab title=&#8221;Indie&#8221; _builder_version=&#8221;4.21.0&#8243; _module_preset=&#8221;default&#8221; body_text_align=&#8221;center&#8221; global_colors_info=&#8221;{}&#8221;]<img loading=\"lazy\" decoding=\"async\" src=\"https:\/\/www.wilpo.pl\/wp-content\/uploads\/2023\/07\/EIP-Logo-New-Image-300x172-1.gif\" width=\"300\" height=\"172\" alt=\"\" class=\"wp-image-125 alignnone size-full\" style=\"display: block; margin-left: auto; margin-right: auto;\" \/><\/p>\n<p style=\"text-align: center;\"><a href=\"https:\/\/www.eipenviroindia.com\/\">www.eipenviroindia.com<\/a><\/p>\n<p style=\"text-align: center;\">B-45, Sector-8, Noida-201301, India<\/p>\n<p>[\/et_pb_tab][et_pb_tab title=&#8221;Bo\u015bnia i Hercegowina&#8221; _builder_version=&#8221;4.21.0&#8243; _module_preset=&#8221;default&#8221; body_text_align=&#8221;center&#8221; hover_enabled=&#8221;0&#8243; global_colors_info=&#8221;{}&#8221; sticky_enabled=&#8221;0&#8243;]<\/p>\n<p><img loading=\"lazy\" decoding=\"async\" src=\"https:\/\/www.wilpo.pl\/wp-content\/uploads\/2023\/07\/en-union.png\" width=\"300\" height=\"172\" alt=\"\" class=\"wp-image-125 alignnone size-full\" style=\"display: block; margin-left: auto; margin-right: auto;\" \/><\/p>\n<p style=\"text-align: center;\"><a href=\"https:\/\/www.en-union.co.ba\">www.en-union.co.ba<\/a><\/p>\n<p style=\"text-align: center;\">Mikelje Te\u0161i\u0107a 12, 75000 Tuzla, Bosna i Hercegovina<\/p>\n<p>[\/et_pb_tab][\/et_pb_tabs][\/et_pb_column][\/et_pb_row][\/et_pb_section]<\/p>","protected":false},"excerpt":{"rendered":"<p>PARTNERZY Poni\u017cej umieszczamy wykaz naszych partner\u00f3w www.ideapro.com.pl Przedsi\u0119biorstwo Projektowo Produkcyjne IdeaPro Sp. z o.o. ul. Dolno\u015bl\u0105ska 8 , 67-100 Nowa S\u00f3l www.ekolab.com.pl ZAK\u0141AD NAUKOWO \u2013 TECHNICZNY&nbsp;\u201eEKO \u2013 LAB\u201d&nbsp;JASIE\u0143, ul S\u0105decka 3, 32-800 Brzesko&nbsp; www.eipenviroindia.com B-45, Sector-8, Noida-201301, India www.en-union.co.ba Mikelje Te\u0161i\u0107a 12, 75000 Tuzla, Bosna i Hercegovina<\/p>","protected":false},"author":1,"featured_media":0,"parent":0,"menu_order":0,"comment_status":"closed","ping_status":"closed","template":"","meta":{"_et_pb_use_builder":"on","_et_pb_old_content":"","_et_gb_content_width":"","footnotes":""},"_links":{"self":[{"href":"https:\/\/www.wilpo.pl\/en\/wp-json\/wp\/v2\/pages\/119"}],"collection":[{"href":"https:\/\/www.wilpo.pl\/en\/wp-json\/wp\/v2\/pages"}],"about":[{"href":"https:\/\/www.wilpo.pl\/en\/wp-json\/wp\/v2\/types\/page"}],"author":[{"embeddable":true,"href":"https:\/\/www.wilpo.pl\/en\/wp-json\/wp\/v2\/users\/1"}],"replies":[{"embeddable":true,"href":"https:\/\/www.wilpo.pl\/en\/wp-json\/wp\/v2\/comments?post=119"}],"version-history":[{"count":4,"href":"https:\/\/www.wilpo.pl\/en\/wp-json\/wp\/v2\/pages\/119\/revisions"}],"predecessor-version":[{"id":273,"href":"https:\/\/www.wilpo.pl\/en\/wp-json\/wp\/v2\/pages\/119\/revisions\/273"}],"wp:attachment":[{"href":"https:\/\/www.wilpo.pl\/en\/wp-json\/wp\/v2\/media?parent=119"}],"curies":[{"name":"wp","href":"https:\/\/api.w.org\/{rel}","templated":true}]}}