{"id":105,"date":"2023-07-21T16:27:45","date_gmt":"2023-07-21T14:27:45","guid":{"rendered":"http:\/\/www.wilpo.pl\/?page_id=105"},"modified":"2024-01-24T08:52:00","modified_gmt":"2024-01-24T07:52:00","slug":"iso","status":"publish","type":"page","link":"https:\/\/www.wilpo.pl\/en\/iso\/","title":{"rendered":"ISO"},"content":{"rendered":"<p>[et_pb_section fb_built=&#8221;1&#8243; _builder_version=&#8221;4.21.0&#8243; _module_preset=&#8221;default&#8221; use_background_color_gradient=&#8221;on&#8221; background_color_gradient_stops=&#8221;rgba(255,255,255,0.91) 0%|rgba(255,255,255,0.72) 100%&#8221; background_color_gradient_overlays_image=&#8221;on&#8221; background_image=&#8221;https:\/\/www.wilpo.pl\/wp-content\/uploads\/2023\/07\/Projekt-bez-nazwy-22.jpg&#8221; global_colors_info=&#8221;{}&#8221;][et_pb_row _builder_version=&#8221;4.21.0&#8243; _module_preset=&#8221;default&#8221; global_colors_info=&#8221;{}&#8221;][et_pb_column type=&#8221;4_4&#8243; _builder_version=&#8221;4.21.0&#8243; _module_preset=&#8221;default&#8221; global_colors_info=&#8221;{}&#8221;][et_pb_text _builder_version=&#8221;4.21.0&#8243; _module_preset=&#8221;default&#8221; header_2_text_color=&#8221;#7fda41&#8243; global_colors_info=&#8221;{}&#8221;]<\/p>\n<h1>ISO<\/h1>\n<h2>Since 2003, the company has been using a quality management system compliant with the PN-EN ISO 9001 standard.<\/h2>\n<p>[\/et_pb_text][et_pb_text _builder_version=&#8221;4.21.0&#8243; _module_preset=&#8221;default&#8221; text_text_color=&#8221;#000000&#8243; global_colors_info=&#8221;{}&#8221;]<\/p>\n<p>Operating on the market for 30 years, PWP WILPO Sp. z o. o., from the beginning of its existence, has constantly set itself the goal of CUSTOMER SATISFACTION and TRUST as an absolute priority.<\/p>\n<p>The achievement of this goal is based on the following aspects of functioning on the market:<\/p>\n<ul>\n<li>identification of measurement needs, both current and prospective,<\/li>\n<li>professional technical advice,<\/li>\n<li>ensuring high quality and reliability of manufactured devices,<\/li>\n<li>execution of deliveries according to turnkey principles, including installation of devices on site, commissioning, scaling and staff training,<\/li>\n<li>ensuring fast, professional service, both warranty and post-warranty.<\/li>\n<\/ul>\n<p>We implement the above aspects by:<\/p>\n<ul>\n<li>maintaining constant contact with clients, guaranteeing continuous cooperation, including mutual flow of information,<\/li>\n<li>the Management's desire to maintain a high level of research and development work, updating production procedures and optimizing service activities,<\/li>\n<li>ensuring continuous improvement and maintaining a high level of staff qualifications,<\/li>\n<li>assessment of risks and opportunities of undertaken activities, both substantive and financial.<\/li>\n<\/ul>\n<p style=\"text-align: justify;\">In order to maintain a high position on the market, we have implemented a QMS consistent with the requirements of the ISO 9001:2015 standard. We declare that the principles and guidelines of this standard have been implemented in all areas of operation of PWP WILPO. Individual aspects of this <strong>Quality Policy<\/strong> resulting from the ISO 9001:2015 standard were transferred to the crew for use and compliance throughout the entire PWP WILPO organization.<\/p>\n<p>[\/et_pb_text][\/et_pb_column][\/et_pb_row][\/et_pb_section]<\/p>","protected":false},"excerpt":{"rendered":"<p>ISO Od 2003 roku firma stosuje system zarz\u0105dzania jako\u015bci\u0105 zgodny z norm\u0105 PN-EN ISO 9001.Dzia\u0142aj\u0105c na rynku ju\u017c od 30 lat, firma PWP WILPO Sp. z o.o., od pocz\u0105tku istnienia, bezustannie stawia sobie za cel, jako absolutny priorytet, ZADOWOLENIE &nbsp;i &nbsp;ZAUFANIE &nbsp;KLIENTA. Realizacja tego celu opiera si\u0119 na nast\u0119puj\u0105cych aspektach funkcjonowania na rynku: identyfikacja potrzeb [&hellip;]<\/p>","protected":false},"author":1,"featured_media":0,"parent":0,"menu_order":0,"comment_status":"closed","ping_status":"closed","template":"","meta":{"_et_pb_use_builder":"on","_et_pb_old_content":"","_et_gb_content_width":"","footnotes":""},"_links":{"self":[{"href":"https:\/\/www.wilpo.pl\/en\/wp-json\/wp\/v2\/pages\/105"}],"collection":[{"href":"https:\/\/www.wilpo.pl\/en\/wp-json\/wp\/v2\/pages"}],"about":[{"href":"https:\/\/www.wilpo.pl\/en\/wp-json\/wp\/v2\/types\/page"}],"author":[{"embeddable":true,"href":"https:\/\/www.wilpo.pl\/en\/wp-json\/wp\/v2\/users\/1"}],"replies":[{"embeddable":true,"href":"https:\/\/www.wilpo.pl\/en\/wp-json\/wp\/v2\/comments?post=105"}],"version-history":[{"count":4,"href":"https:\/\/www.wilpo.pl\/en\/wp-json\/wp\/v2\/pages\/105\/revisions"}],"predecessor-version":[{"id":587,"href":"https:\/\/www.wilpo.pl\/en\/wp-json\/wp\/v2\/pages\/105\/revisions\/587"}],"wp:attachment":[{"href":"https:\/\/www.wilpo.pl\/en\/wp-json\/wp\/v2\/media?parent=105"}],"curies":[{"name":"wp","href":"https:\/\/api.w.org\/{rel}","templated":true}]}}